{"id":97,"date":"2022-10-21T16:32:32","date_gmt":"2022-10-21T16:32:32","guid":{"rendered":"https:\/\/rowingparis-u19event.com\/medical\/"},"modified":"2022-12-05T17:09:55","modified_gmt":"2022-12-05T17:09:55","slug":"medical","status":"publish","type":"page","link":"https:\/\/rowingparis-u19event.com\/en\/medical\/","title":{"rendered":"Medical"},"content":{"rendered":"<section class=\"u-align-center u-clearfix u-image u-shading u-section-2\" id=\"carousel_697d\" data-image-width=\"1920\" data-image-height=\"418\" style=\"background-image: linear-gradient(0deg, rgba(6, 68, 120, 0.5), rgba(6, 68, 120, 0.5)), url(&quot;https:\/\/rowingparis-u19event.com\/wp-content\/uploads\/2022\/10\/cielgris.jpg&quot;);\">\n      <div class=\"u-clearfix u-sheet u-valign-middle u-sheet-1\">\n        <h1 class=\"u-align-left u-custom-font u-font-roboto u-text u-text-body-alt-color u-text-default u-text-1\">MEDICAL CENTER <\/h1>\n      <\/div>\n    <\/section>\n    <section class=\"skrollable u-clearfix u-image u-section-3\" id=\"sec-3927\" data-image-width=\"1920\" data-image-height=\"1280\" style=\"background-image: url(&quot;https:\/\/rowingparis-u19event.com\/wp-content\/uploads\/2022\/10\/Photo-8.jpg&quot;);\">\n      <div class=\"u-clearfix u-sheet u-sheet-1\"><\/div>\n    <\/section>\n    <section class=\"u-clearfix u-section-4\" id=\"carousel_c3d5\">\n      <div class=\"u-clearfix u-sheet u-sheet-1\">\n        <div class=\"u-clearfix u-layout-wrap u-layout-wrap-1\">\n          <div class=\"u-layout\">\n            <div class=\"u-layout-row\">\n              <div class=\"u-align-left u-container-style u-layout-cell u-left-cell u-size-30 u-white u-layout-cell-1\">\n                <div class=\"u-container-layout u-container-layout-1\">\n                  <img decoding=\"async\" class=\"u-expanded-width u-image u-image-default u-image-1\" src=\"https:\/\/rowingparis-u19event.com\/wp-content\/uploads\/2022\/10\/357080fa4d206338b70419bf25d449f7c85d809c054bb21ee7ffdda11cdd8f0586a542819b8630efe0f3c947d06036eb924bc952ed36f0d8bb8a2c_1280.jpg\" alt=\"\" data-image-width=\"1280\" data-image-height=\"853\">\n                <\/div>\n              <\/div>\n              <div class=\"u-container-style u-layout-cell u-right-cell u-size-30 u-white u-layout-cell-2\">\n                <div class=\"u-container-layout u-valign-top u-container-layout-2\">\n                  <ul class=\"u-custom-font u-font-roboto u-text u-text-custom-color-2 u-text-1\">\n                    <li> Medical services will be provided in the medical center with World Rowing and OC doctors on site.<\/li>\n                    <li>Medical service, on water safety and rescue will be provided in all official training and racing times.<\/li>\n                    <li>First Aid services will be provided in the medical center marked with red cross next inside the boat park.<\/li>\n                  <\/ul>\n                <\/div>\n              <\/div>\n            <\/div>\n          <\/div>\n        <\/div>\n      <\/div>\n    <\/section>\n    <section class=\"u-clearfix u-custom-color-10 u-section-5\" id=\"sec-6dcb\">\n      <div class=\"u-clearfix u-sheet u-valign-middle u-sheet-1\">\n        <div class=\"u-clearfix u-expanded-width u-gutter-16 u-layout-wrap u-layout-wrap-1\">\n          <div class=\"u-layout\">\n            <div class=\"u-layout-col\">\n              <div class=\"u-size-30\">\n                <div class=\"u-layout-col\">\n                  <div class=\"u-container-style u-layout-cell u-size-60 u-layout-cell-1\">\n                    <div class=\"u-container-layout u-valign-middle u-container-layout-1\">\n                      <div class=\"u-list u-list-1\">\n                        <div class=\"u-repeater u-repeater-1\">\n                          <div class=\"u-container-style u-list-item u-repeater-item\">\n                            <div class=\"u-container-layout u-similar-container u-container-layout-2\"><span class=\"u-icon u-icon-1\"><svg class=\"u-svg-link\" preserveaspectratio=\"xMidYMin slice\" viewbox=\"0 0 28.3 28.3\" style=\"\"><use xmlns:xlink=\"http:\/\/www.w3.org\/1999\/xlink\" xlink:href=\"#svg-e910\"><\/use><\/svg><svg class=\"u-svg-content\" viewbox=\"0 0 28.3 28.3\" x=\"0px\" y=\"0px\" id=\"svg-e910\" style=\"enable-background:new 0 0 28.3 28.3;\"><style type=\"text\/css\"> .st0{fill:#CA1518;}\n\t.st1{fill:none;stroke:#FFFFFF;stroke-width:0.5;}\n\t.st2{fill:#FFFFFF;} <\/style><g><path class=\"st0\" d=\"M14.5,26.8c7,0,12.6-5.7,12.6-12.6c0-7-5.7-12.6-12.6-12.6c-7,0-12.6,5.7-12.6,12.6\t\tC1.9,21.1,7.5,26.8,14.5,26.8\"><\/path><path class=\"st1\" d=\"M14.5,26.8c7,0,12.6-5.7,12.6-12.6c0-7-5.7-12.6-12.6-12.6c-7,0-12.6,5.7-12.6,12.6\t\tC1.9,21.1,7.5,26.8,14.5,26.8z\"><\/path>\n<\/g><g><path class=\"st2\" d=\"M13.4,11l-1.7,0.4l-0.4-1.7l2.8-0.8h1.4v9.7h-2.1V11z\"><\/path>\n<\/g><\/svg><\/span>\n                              <p class=\"u-align-center u-text u-text-1\">\n                                <span style=\"font-weight: 700;\">\n                                  <span class=\"u-text-palette-4-base\"> NEAREST HOSPITALS<\/span>\n                                  <br>Grand H\u00f4pital de l\u2019Est Francilien \n                                <\/span>\n                                <br>2-4 cours de la Gondoire <br>77600 Jossigny <br>\n                                <span style=\"font-weight: 700;\" class=\"u-text-white\">\n                                  <a href=\"tel:33164776477\" class=\"u-active-none u-border-none u-btn u-button-link u-button-style u-hover-none u-none u-text-hover-custom-color-3 u-text-white u-btn-1\">Tel : +33 1 64 77 64 77<\/a>\n                                <\/span>\n                              <\/p>\n                            <\/div>\n                          <\/div>\n                          <div class=\"u-align-center u-container-style u-list-item u-repeater-item\">\n                            <div class=\"u-container-layout u-similar-container u-container-layout-3\"><span class=\"u-icon u-icon-2\"><svg class=\"u-svg-link\" preserveaspectratio=\"xMidYMin slice\" viewbox=\"0 0 28.3 28.3\" style=\"\"><use xmlns:xlink=\"http:\/\/www.w3.org\/1999\/xlink\" xlink:href=\"#svg-8efb\"><\/use><\/svg><svg class=\"u-svg-content\" viewbox=\"0 0 28.3 28.3\" x=\"0px\" y=\"0px\" id=\"svg-8efb\" style=\"enable-background:new 0 0 28.3 28.3;\"><style type=\"text\/css\"> .st0{fill:#CA1518;}\n\t.st1{fill:none;stroke:#FFFFFF;stroke-width:0.5;}\n\t.st2{fill:#FFFFFF;} <\/style><g><path class=\"st0\" d=\"M14.5,26.8c7,0,12.6-5.7,12.6-12.6c0-7-5.7-12.6-12.6-12.6c-7,0-12.6,5.7-12.6,12.6\t\tC1.9,21.1,7.5,26.8,14.5,26.8\"><\/path><path class=\"st1\" d=\"M14.5,26.8c7,0,12.6-5.7,12.6-12.6c0-7-5.7-12.6-12.6-12.6c-7,0-12.6,5.7-12.6,12.6\t\tC1.9,21.1,7.5,26.8,14.5,26.8z\"><\/path>\n<\/g><g><path class=\"st2\" d=\"M10.6,16.9l3.2-2.6c1.2-1,1.7-1.5,1.7-2.3c0-0.8-0.5-1.3-1.3-1.3c-0.7,0-1.3,0.4-2,1.3l-1.5-1.2\t\tc1-1.3,1.9-2,3.6-2c2,0,3.3,1.2,3.3,3v0c0,1.6-0.8,2.4-2.5,3.7l-1.6,1.2h4.2v1.8h-7.1V16.9z\"><\/path>\n<\/g><\/svg><\/span>\n                              <p class=\"u-align-center u-text u-text-2\">\n                                <span style=\"font-weight: 700;\">\n                                  <span class=\"u-text-palette-4-base\"> NEAREST HOSPITALS <\/span>\n                                  <br>Les H\u00f4pitaux de Saint Maurice \n                                <\/span>\n                                <br>12-14 rue du Val d\u2019Osne <br>94410 Saint Maurice <br>\n                                <span style=\"font-weight: 700;\">\n                                  <a href=\"tel:33143966161\" class=\"u-active-none u-border-none u-btn u-button-link u-button-style u-hover-none u-none u-text-hover-custom-color-3 u-text-white u-btn-2\">Tel +33 1 43 96 61 61<\/a>\n                                <\/span>\n                              <\/p>\n                            <\/div>\n                          <\/div>\n                          <div class=\"u-container-style u-list-item u-repeater-item\">\n                            <div class=\"u-container-layout u-similar-container u-container-layout-4\"><span class=\"u-icon u-icon-3\"><svg class=\"u-svg-link\" preserveaspectratio=\"xMidYMin slice\" viewbox=\"0 0 28.3 28.3\" style=\"\"><use xmlns:xlink=\"http:\/\/www.w3.org\/1999\/xlink\" xlink:href=\"#svg-97af\"><\/use><\/svg><svg class=\"u-svg-content\" viewbox=\"0 0 28.3 28.3\" x=\"0px\" y=\"0px\" id=\"svg-97af\" style=\"enable-background:new 0 0 28.3 28.3;\"><style type=\"text\/css\"> .st0{fill:#CA1518;}\n\t.st1{fill:none;stroke:#FFFFFF;stroke-width:0.5;}\n\t.st2{fill:#FFFFFF;} <\/style><g><path class=\"st0\" d=\"M14.5,26.8c7,0,12.6-5.7,12.6-12.6c0-7-5.7-12.6-12.6-12.6c-7,0-12.6,5.7-12.6,12.6\t\tC1.9,21.1,7.5,26.8,14.5,26.8\"><\/path><path class=\"st1\" d=\"M14.5,26.8c7,0,12.6-5.7,12.6-12.6c0-7-5.7-12.6-12.6-12.6c-7,0-12.6,5.7-12.6,12.6\t\tC1.9,21.1,7.5,26.8,14.5,26.8z\"><\/path>\n<\/g><g><path class=\"st2\" d=\"M10.5,17.1l1.5-1.4c0.7,0.7,1.4,1.2,2.3,1.2c0.8,0,1.4-0.5,1.4-1.2v0c0-0.8-0.7-1.2-1.9-1.2h-0.9L12.5,13\t\tl2.3-2.3h-3.8V8.9h6.5v1.6l-2.4,2.3c1.3,0.2,2.6,0.9,2.6,2.7v0c0,1.8-1.3,3.2-3.5,3.2C12.5,18.7,11.3,18,10.5,17.1z\"><\/path>\n<\/g><\/svg><\/span>\n                              <p class=\"u-align-center u-text u-text-3\">&nbsp; <span style=\"font-weight: 700;\">\n                                  <span class=\"u-text-palette-4-base\">NEAREST PHARMACY<\/span>\n                                <\/span>\n                                <br>\n                                <span style=\"font-weight: 700;\"> Pharmacie de la Mairie <\/span>\n                                <br>22 boulevard de Lorraine <br>77360 Vaires sur Marne <br>\n                                <span style=\"font-weight: 700;\">\n                                  <a href=\"tel:33160201420\" class=\"u-active-none u-border-none u-btn u-button-link u-button-style u-hover-none u-none u-text-hover-custom-color-3 u-text-white u-btn-3\">Tel + 33 <span style=\"font-weight: 700;\">1 <\/span>60 20 14 20 \n                                  <\/a>\n                                <\/span>\n                              <\/p>\n                            <\/div>\n                          <\/div>\n                        <\/div>\n                      <\/div>\n                    <\/div>\n                  <\/div>\n                <\/div>\n              <\/div>\n              <div class=\"u-size-30\">\n                <div class=\"u-layout-row\">\n                  <div class=\"u-container-style u-layout-cell u-size-60 u-layout-cell-2\">\n                    <div class=\"u-container-layout u-valign-top u-container-layout-5\">\n                      <div class=\"u-shortcode u-shortcode-1\"><\/div>\n                    <\/div>\n                  <\/div>\n                <\/div>\n              <\/div>\n            <\/div>\n          <\/div>\n        <\/div>\n      <\/div>\n    <\/section>","protected":false},"excerpt":{"rendered":"<p>centRE medical Des services m\u00e9dicaux seront fournis dans le centre m\u00e9dical avec des m\u00e9decins World Rowing et Comit\u00e9 d\u2019Organisation sur site. Des services m\u00e9dicaux, s\u00e9curit\u00e9 sur l\u2019eau et sauvetage seront fournis pendant tous les horaires officiels d\u2019entra\u00eenement et de comp\u00e9tition. Des services de premier secours seront fournis dans le centre m\u00e9dical marqu\u00e9 d\u2019une croix rouge &hellip; <a href=\"https:\/\/rowingparis-u19event.com\/en\/medical\/\" class=\"more-link\">Continue reading<span class=\"screen-reader-text\"> \u00ab\u00a0Medical\u00a0\u00bb<\/span><\/a><\/p>","protected":false},"author":1,"featured_media":0,"parent":0,"menu_order":4,"comment_status":"closed","ping_status":"closed","template":"","meta":{"footnotes":""},"class_list":["post-97","page","type-page","status-publish","hentry"],"yoast_head":"<!-- This site is optimized with the Yoast SEO plugin v27.4 - https:\/\/yoast.com\/product\/yoast-seo-wordpress\/ -->\n<title>Medical - WRU19<\/title>\n<meta name=\"robots\" content=\"index, follow, max-snippet:-1, max-image-preview:large, max-video-preview:-1\" \/>\n<link rel=\"canonical\" href=\"https:\/\/rowingparis-u19event.com\/en\/medical\/\" \/>\n<meta property=\"og:locale\" content=\"en_US\" \/>\n<meta property=\"og:type\" content=\"article\" \/>\n<meta property=\"og:title\" content=\"Medical - WRU19\" \/>\n<meta property=\"og:description\" content=\"centRE medical Des services m\u00e9dicaux seront fournis dans le centre m\u00e9dical avec des m\u00e9decins World Rowing et Comit\u00e9 d\u2019Organisation sur site. Des services m\u00e9dicaux, s\u00e9curit\u00e9 sur l\u2019eau et sauvetage seront fournis pendant tous les horaires officiels d\u2019entra\u00eenement et de comp\u00e9tition. Des services de premier secours seront fournis dans le centre m\u00e9dical marqu\u00e9 d\u2019une croix rouge &hellip; Continue reading &quot;Medical&quot;\" \/>\n<meta property=\"og:url\" content=\"https:\/\/rowingparis-u19event.com\/en\/medical\/\" \/>\n<meta property=\"og:site_name\" content=\"WRU19\" \/>\n<meta property=\"article:modified_time\" content=\"2022-12-05T17:09:55+00:00\" \/>\n<meta name=\"twitter:card\" content=\"summary_large_image\" \/>\n<meta name=\"twitter:label1\" content=\"Est. reading time\" \/>\n\t<meta name=\"twitter:data1\" content=\"1 minute\" \/>\n<script type=\"application\/ld+json\" class=\"yoast-schema-graph\">{\"@context\":\"https:\\\/\\\/schema.org\",\"@graph\":[{\"@type\":\"WebPage\",\"@id\":\"https:\\\/\\\/rowingparis-u19event.com\\\/medical\\\/\",\"url\":\"https:\\\/\\\/rowingparis-u19event.com\\\/medical\\\/\",\"name\":\"Medical - WRU19\",\"isPartOf\":{\"@id\":\"https:\\\/\\\/rowingparis-u19event.com\\\/#website\"},\"datePublished\":\"2022-10-21T16:32:32+00:00\",\"dateModified\":\"2022-12-05T17:09:55+00:00\",\"breadcrumb\":{\"@id\":\"https:\\\/\\\/rowingparis-u19event.com\\\/medical\\\/#breadcrumb\"},\"inLanguage\":\"en-US\",\"potentialAction\":[{\"@type\":\"ReadAction\",\"target\":[\"https:\\\/\\\/rowingparis-u19event.com\\\/medical\\\/\"]}]},{\"@type\":\"BreadcrumbList\",\"@id\":\"https:\\\/\\\/rowingparis-u19event.com\\\/medical\\\/#breadcrumb\",\"itemListElement\":[{\"@type\":\"ListItem\",\"position\":1,\"name\":\"Accueil\",\"item\":\"https:\\\/\\\/rowingparis-u19event.com\\\/\"},{\"@type\":\"ListItem\",\"position\":2,\"name\":\"Medical\"}]},{\"@type\":\"WebSite\",\"@id\":\"https:\\\/\\\/rowingparis-u19event.com\\\/#website\",\"url\":\"https:\\\/\\\/rowingparis-u19event.com\\\/\",\"name\":\"WRU19\",\"description\":\"Champio\u200bnnats du Monde U19 Paris, du 2 au 6 ao&ucirc;t 2023\",\"publisher\":{\"@id\":\"https:\\\/\\\/rowingparis-u19event.com\\\/#organization\"},\"alternateName\":\"rowingparis-u19event.com\",\"potentialAction\":[{\"@type\":\"SearchAction\",\"target\":{\"@type\":\"EntryPoint\",\"urlTemplate\":\"https:\\\/\\\/rowingparis-u19event.com\\\/?s={search_term_string}\"},\"query-input\":{\"@type\":\"PropertyValueSpecification\",\"valueRequired\":true,\"valueName\":\"search_term_string\"}}],\"inLanguage\":\"en-US\"},{\"@type\":\"Organization\",\"@id\":\"https:\\\/\\\/rowingparis-u19event.com\\\/#organization\",\"name\":\"rowingparis-u19event.com\",\"url\":\"https:\\\/\\\/rowingparis-u19event.com\\\/\",\"logo\":{\"@type\":\"ImageObject\",\"inLanguage\":\"en-US\",\"@id\":\"https:\\\/\\\/rowingparis-u19event.com\\\/#\\\/schema\\\/logo\\\/image\\\/\",\"url\":\"https:\\\/\\\/rowingparis-u19event.com\\\/wp-content\\\/uploads\\\/2022\\\/10\\\/logo-w192-1.jpg\",\"contentUrl\":\"https:\\\/\\\/rowingparis-u19event.com\\\/wp-content\\\/uploads\\\/2022\\\/10\\\/logo-w192-1.jpg\",\"width\":256,\"height\":226,\"caption\":\"rowingparis-u19event.com\"},\"image\":{\"@id\":\"https:\\\/\\\/rowingparis-u19event.com\\\/#\\\/schema\\\/logo\\\/image\\\/\"}}]}<\/script>\n<!-- \/ Yoast SEO plugin. -->","yoast_head_json":{"title":"Medical - WRU19","robots":{"index":"index","follow":"follow","max-snippet":"max-snippet:-1","max-image-preview":"max-image-preview:large","max-video-preview":"max-video-preview:-1"},"canonical":"https:\/\/rowingparis-u19event.com\/en\/medical\/","og_locale":"en_US","og_type":"article","og_title":"Medical - WRU19","og_description":"centRE medical Des services m\u00e9dicaux seront fournis dans le centre m\u00e9dical avec des m\u00e9decins World Rowing et Comit\u00e9 d\u2019Organisation sur site. Des services m\u00e9dicaux, s\u00e9curit\u00e9 sur l\u2019eau et sauvetage seront fournis pendant tous les horaires officiels d\u2019entra\u00eenement et de comp\u00e9tition. Des services de premier secours seront fournis dans le centre m\u00e9dical marqu\u00e9 d\u2019une croix rouge &hellip; Continue reading \"Medical\"","og_url":"https:\/\/rowingparis-u19event.com\/en\/medical\/","og_site_name":"WRU19","article_modified_time":"2022-12-05T17:09:55+00:00","twitter_card":"summary_large_image","twitter_misc":{"Est. reading time":"1 minute"},"schema":{"@context":"https:\/\/schema.org","@graph":[{"@type":"WebPage","@id":"https:\/\/rowingparis-u19event.com\/medical\/","url":"https:\/\/rowingparis-u19event.com\/medical\/","name":"Medical - WRU19","isPartOf":{"@id":"https:\/\/rowingparis-u19event.com\/#website"},"datePublished":"2022-10-21T16:32:32+00:00","dateModified":"2022-12-05T17:09:55+00:00","breadcrumb":{"@id":"https:\/\/rowingparis-u19event.com\/medical\/#breadcrumb"},"inLanguage":"en-US","potentialAction":[{"@type":"ReadAction","target":["https:\/\/rowingparis-u19event.com\/medical\/"]}]},{"@type":"BreadcrumbList","@id":"https:\/\/rowingparis-u19event.com\/medical\/#breadcrumb","itemListElement":[{"@type":"ListItem","position":1,"name":"Accueil","item":"https:\/\/rowingparis-u19event.com\/"},{"@type":"ListItem","position":2,"name":"Medical"}]},{"@type":"WebSite","@id":"https:\/\/rowingparis-u19event.com\/#website","url":"https:\/\/rowingparis-u19event.com\/","name":"WRU19","description":"Champio\u200bnnats du Monde U19 Paris, du 2 au 6 ao&ucirc;t 2023","publisher":{"@id":"https:\/\/rowingparis-u19event.com\/#organization"},"alternateName":"rowingparis-u19event.com","potentialAction":[{"@type":"SearchAction","target":{"@type":"EntryPoint","urlTemplate":"https:\/\/rowingparis-u19event.com\/?s={search_term_string}"},"query-input":{"@type":"PropertyValueSpecification","valueRequired":true,"valueName":"search_term_string"}}],"inLanguage":"en-US"},{"@type":"Organization","@id":"https:\/\/rowingparis-u19event.com\/#organization","name":"rowingparis-u19event.com","url":"https:\/\/rowingparis-u19event.com\/","logo":{"@type":"ImageObject","inLanguage":"en-US","@id":"https:\/\/rowingparis-u19event.com\/#\/schema\/logo\/image\/","url":"https:\/\/rowingparis-u19event.com\/wp-content\/uploads\/2022\/10\/logo-w192-1.jpg","contentUrl":"https:\/\/rowingparis-u19event.com\/wp-content\/uploads\/2022\/10\/logo-w192-1.jpg","width":256,"height":226,"caption":"rowingparis-u19event.com"},"image":{"@id":"https:\/\/rowingparis-u19event.com\/#\/schema\/logo\/image\/"}}]}},"_links":{"self":[{"href":"https:\/\/rowingparis-u19event.com\/en\/wp-json\/wp\/v2\/pages\/97","targetHints":{"allow":["GET"]}}],"collection":[{"href":"https:\/\/rowingparis-u19event.com\/en\/wp-json\/wp\/v2\/pages"}],"about":[{"href":"https:\/\/rowingparis-u19event.com\/en\/wp-json\/wp\/v2\/types\/page"}],"author":[{"embeddable":true,"href":"https:\/\/rowingparis-u19event.com\/en\/wp-json\/wp\/v2\/users\/1"}],"replies":[{"embeddable":true,"href":"https:\/\/rowingparis-u19event.com\/en\/wp-json\/wp\/v2\/comments?post=97"}],"version-history":[{"count":5,"href":"https:\/\/rowingparis-u19event.com\/en\/wp-json\/wp\/v2\/pages\/97\/revisions"}],"predecessor-version":[{"id":378,"href":"https:\/\/rowingparis-u19event.com\/en\/wp-json\/wp\/v2\/pages\/97\/revisions\/378"}],"wp:attachment":[{"href":"https:\/\/rowingparis-u19event.com\/en\/wp-json\/wp\/v2\/media?parent=97"}],"curies":[{"name":"wp","href":"https:\/\/api.w.org\/{rel}","templated":true}]}}