{"id":846,"date":"2023-06-19T08:53:49","date_gmt":"2023-06-19T08:53:49","guid":{"rendered":"https:\/\/rowingparis-u19event.com\/?page_id=846"},"modified":"2023-07-22T11:26:16","modified_gmt":"2023-07-22T11:26:16","slug":"press-media","status":"publish","type":"page","link":"https:\/\/rowingparis-u19event.com\/en\/press-media\/","title":{"rendered":"Press Media"},"content":{"rendered":"<section class=\"u-align-center u-clearfix u-image u-shading lazyload u-section-2\" id=\"sec-0560\" data-image-width=\"1920\" data-image-height=\"418\" data-bg=\"url('https:\/\/rowingparis-u19event.com\/wp-content\/uploads\/2022\/10\/cielgris.jpg')\">\n      <div class=\"u-clearfix u-sheet u-valign-middle u-sheet-1\">\n        <h1 class=\"u-align-left u-custom-font u-font-montserrat u-text u-text-body-alt-color u-text-default u-text-1\"> PRESS &amp; Media<br>\n        <\/h1>\n      <\/div>\n    <\/section>\n    <section class=\"u-clearfix u-palette-5-light-3 u-section-3\" id=\"carousel_b668\">\n      <div class=\"u-clearfix u-sheet u-valign-middle-md u-valign-middle-sm u-valign-middle-xs u-sheet-1\">\n        <div class=\"u-clearfix u-expanded-width u-gutter-0 u-layout-wrap u-layout-wrap-1\">\n          <div class=\"u-layout\">\n            <div class=\"u-layout-row\">\n              <div class=\"u-container-style u-custom-color-27 u-layout-cell u-right-cell u-shape-rectangle u-size-27 u-layout-cell-1\">\n                <div class=\"u-container-layout u-valign-middle-xxl u-container-layout-1\">\n                  <h2 class=\"u-align-center u-text u-text-custom-color-2 u-text-1\"> Accreditation requests <\/h2>\n                  <p class=\"u-text u-text-2\"><b>Accreditation requests<\/b>&nbsp;for journalists and photographers,\n regardless of their media, must register before July 19th by going to the following web address :<u><\/u><u><\/u>\n                    <a href=\"https:\/\/rowingtwo.sportresult.com\/Accreditation\/Media\/e425631d-7ee3-454f-b34e-b2f79b9627f2\" title=\"https:\/\/rowingtwo.sportresult.com\" target=\"_blank\" class=\"u-active-none u-border-none u-btn u-button-link u-button-style u-hover-none u-none u-text-custom-color-2 u-text-hover-palette-4-base u-btn-1\">https:\/\/rowingtwo.sportresult.com<\/a><u><\/u><u><\/u>\n                    <br>World Rowing will give its validation\n                  <\/p>\n                  <img alt=\"\" class=\"u-expanded-width u-image u-image-round u-radius-25 lazyload u-image-1\" data-image-width=\"1280\" data-image-height=\"853\" data-src=\"https:\/\/rowingparis-u19event.com\/wp-content\/uploads\/2023\/06\/d0621a9b8ff3c27c2a74684dbe140053d235dd4834664c5fa36e1d4573115f0a6033e63a93436d5dc707d872008ec43f7fa45586df1447a8910c7b_1280.jpg\">\n                <\/div>\n              <\/div>\n              <div class=\"u-align-left u-container-style u-layout-cell u-left-cell u-palette-5-light-3 u-size-33 u-layout-cell-2\">\n                <div class=\"u-container-layout u-container-layout-2\">\n                  <img alt=\"\" class=\"u-image u-image-round u-radius-25 lazyload u-image-2\" data-image-width=\"1280\" data-image-height=\"853\" data-src=\"https:\/\/rowingparis-u19event.com\/wp-content\/uploads\/2023\/06\/7cba65efc288f08f9766b3258b7a0d9d9a93cda996d678ea97b21c02561b04924f5b9bc4dbf446532257e92e70cf9232941e73e4582f907ea2754d_1280.jpg\">\n                  <p class=\"u-text u-text-3\"> If you have any questions about accreditation, please contact <span style=\"font-weight: 700;\">Monica Briedyte <\/span>(<a href=\"mailto:monica.briedyte@worldrowing.com\" title=\"mailto:monica.briedyte@worldrowing.com\" target=\"_blank\" class=\"u-active-none u-border-none u-btn u-button-link u-button-style u-hover-none u-none u-text-custom-color-2 u-text-hover-palette-4-base u-btn-2\">monica.briedyte@worldrowing.com<\/a>)<br> or <span style=\"font-weight: 700;\">Prateek Gumbar<\/span> (<a href=\"mailto:prateek.gumbar@worldrowing.com\" target=\"_blank\" class=\"u-active-none u-border-none u-btn u-button-link u-button-style u-hover-none u-none u-text-custom-color-2 u-text-hover-palette-4-base u-btn-3\">prateek.gumbar@worldrowing.com<\/a>). <br>\n                    <br> You'll find plenty of information about&nbsp;<b>communication rules&nbsp;<\/b>sur la page du site de World Rowing consacr\u00e9e aux Media:&nbsp; <a href=\"https:\/\/worldrowing.com\/media-centre\" target=\"_blank\" class=\"u-active-none u-border-none u-btn u-button-link u-button-style u-hover-none u-none u-text-custom-color-2 u-text-hover-palette-4-base u-btn-4\">worldrowing.com  :  Accreditation\/Media<\/a>\n                  <\/p>\n                <\/div>\n              <\/div>\n            <\/div>\n          <\/div>\n        <\/div>\n      <\/div>\n      <style data-mode=\"XXL\">@media (max-width: 0px) {\n   .u-section-3 {\n    background-image: none;\n  }\n  .u-section-3 .u-sheet-1 {\n    min-height: 886px;\n  }\n  .u-section-3 .u-layout-wrap-1 {\n    margin-top: 60px;\n    margin-bottom: 60px;\n  }\n  .u-section-3 .u-layout-cell-1 {\n    min-height: 730px;\n    background-image: none;\n  }\n  .u-section-3 .u-container-layout-1 {\n    padding-top: 50px;\n    padding-bottom: 50px;\n    padding-left: 30px;\n    padding-right: 30px;\n  }\n  .u-section-3 .u-text-1 {\n    margin-top: 0;\n    margin-bottom: 0;\n    margin-left: 0;\n    margin-right: 0;\n  }\n  .u-block-2536-21 {\n    margin-top: 50px;\n    margin-right: 139px;\n    margin-bottom: 0;\n    margin-left: 0;\n  }\n  .u-block-2536-22 {\n    border-style: solid;\n    padding-top: 0;\n    padding-bottom: 0;\n    padding-left: 0;\n    padding-right: 0;\n  }\n  .u-section-3 .u-text-2 {\n    line-height: 2;\n    font-size: 1.25rem;\n    margin-top: 41px;\n    margin-left: 0;\n    margin-right: 0;\n    margin-bottom: 0;\n  }\n  .u-block-2536-25 {\n    background-image: none;\n    text-transform: uppercase;\n    letter-spacing: 3px;\n    font-size: 1rem;\n    border-style: none;\n    font-weight: 700;\n    --animation-custom_in-translate_x: 300px;\n    --animation-custom_in-translate_y: 0px;\n    --animation-custom_in-opacity: 0;\n    --animation-custom_in-rotate: 0deg;\n    --animation-custom_in-scale: 0.27;\n    margin-top: 20px;\n    margin-left: 0;\n    margin-right: 0;\n    margin-bottom: 0;\n    padding-top: 14px;\n    padding-right: 52px;\n    padding-bottom: 16px;\n    padding-left: 51px;\n  }\n  .u-section-3 .u-layout-cell-2 {\n    min-height: 746px;\n  }\n  .u-section-3 .u-container-layout-2 {\n    padding-top: 50px;\n    padding-right: 30px;\n    padding-bottom: 0;\n    padding-left: 50px;\n  }\n  .u-block-2536-7 {\n    margin-top: 0;\n    margin-bottom: 0;\n    margin-left: 0;\n    margin-right: 0;\n  }\n  .u-section-3 .u-text-3 {\n    margin-top: 28px;\n    margin-right: 20px;\n    margin-bottom: 0;\n    margin-left: 0;\n  }\n  .u-section-3 .u-image-2 {\n    height: 448px;\n    object-position: 50% 0%;\n    background-position: 50% 0%;\n    margin-top: 41px;\n    margin-bottom: 0;\n  }\n}<\/style>\n    <\/section>\n    <section class=\"u-align-center u-clearfix u-section-4\" id=\"sec-ee18\">\n      <div class=\"u-clearfix u-sheet u-valign-middle u-sheet-1\">\n        <div class=\"u-clearfix u-expanded-width u-layout-wrap u-layout-wrap-1\">\n          <div class=\"u-gutter-0 u-layout\">\n            <div class=\"u-layout-row\">\n              <div class=\"u-container-style u-layout-cell u-size-15 u-size-30-md u-layout-cell-1\">\n                <div class=\"u-container-layout u-container-layout-1\">\n                  <p class=\"u-text u-text-default u-text-1\"><b>\n                      <span class=\"u-text-custom-color-2\">On arrival at the site entrance<\/span><\/b><b>&nbsp;<\/b>at Paris \/ Vaires sur\/Marne go to the Accreditation Reception Desk.<br>We'll welcome you and take you to the accreditation desk.\n                  <\/p>\n                  <p class=\"u-text u-text-default u-text-2\"><b>\n                      <span class=\"u-text-custom-color-2\">Parking Media&nbsp;<\/span><\/b>:<br>Parking is available close to the press room\n subject to availability\n                  <\/p>\n                <\/div>\n              <\/div>\n              <div class=\"u-container-align-center u-container-style u-image u-image-default u-layout-cell u-size-15 u-size-30-md lazyload u-image-1\" data-image-width=\"1280\" data-image-height=\"960\" data-bg=\"url(&quot;https:\/\/rowingparis-u19event.com\/wp-content\/uploads\/2023\/06\/c73523a9fadc3b6233917a12ef458153df2c55ca0ac015a93478717135a8c750c9179733b9e0b373400badd457384a12cb04fac9ce1225ecf46710_1280.jpg&quot;)\">\n                <div class=\"u-container-layout u-container-layout-2\"><\/div>\n              <\/div>\n              <div class=\"u-container-style u-layout-cell u-size-15 u-size-30-md u-layout-cell-3\">\n                <div class=\"u-container-layout u-container-layout-3\">\n                  <p class=\"u-text u-text-default u-text-3\"><b>\n                      <span class=\"u-text-custom-color-2\">Dedicated areas&nbsp;<\/span><\/b>: <br>A press room is available right next to the pool.\n daily start lists will be at your disposal. <br>Spaces in the grandstand opposite the finish line are also reserved for you. <br>Shuttle buses will take you to the start line.<br>An HD wi-fi connection is also provided.\n                  <\/p>\n                <\/div>\n              <\/div>\n              <div class=\"u-container-style u-layout-cell u-size-15 u-size-30-md u-layout-cell-4\">\n                <div class=\"u-container-layout u-valign-top u-container-layout-4\">\n                  <p class=\"u-text u-text-default u-text-4\"><b>\n                      <span class=\"u-text-custom-color-2\">Catering&nbsp;<\/span><\/b>:<br>the athletes' restaurant, located in the center of the\n open set, is also accessible to journalists.<br>It's open from 11 a.m. to 3 p.m.\nOther food and beverage outlets are also available to the general public.&nbsp; <br>\n                  <\/p>\n                <\/div>\n              <\/div>\n            <\/div>\n          <\/div>\n        <\/div>\n      <\/div>\n    <\/section>\n    <section class=\"u-align-center u-clearfix u-palette-5-light-3 u-section-5\" id=\"carousel_a40a\">\n      <div class=\"u-clearfix u-sheet u-valign-middle-lg u-valign-middle-xl u-sheet-1\">\n        <div class=\"u-expanded-width-xs u-palette-4-base u-shape u-shape-rectangle u-shape-1\" data-animation-name=\"customAnimationIn\" data-animation-duration=\"1500\" data-animation-delay=\"500\"><\/div>\n        <div class=\"u-expanded-width-xs u-palette-4-base u-shape u-shape-rectangle u-shape-2\" data-animation-name=\"customAnimationIn\" data-animation-duration=\"1500\" data-animation-delay=\"750\"><\/div>\n        <div class=\"u-clearfix u-layout-wrap u-layout-wrap-1\">\n          <div class=\"u-layout\">\n            <div class=\"u-layout-row\">\n              <div class=\"u-container-style u-image u-layout-cell u-left-cell u-size-32-lg u-size-32-xl u-size-60-md u-size-60-sm u-size-60-xs lazyload u-image-1\" data-image-width=\"1280\" data-image-height=\"853\" data-animation-name=\"customAnimationIn\" data-animation-duration=\"1500\" data-animation-delay=\"250\" data-bg=\"url(&quot;https:\/\/rowingparis-u19event.com\/wp-content\/uploads\/2023\/06\/ce3e4ed184dcb7ca3879551a373879a68176776944f37af0f4cab618ed7148cecb24da58c60605d7ff56cdd0e1b2785177d89471533403fe1c4f72_1280.jpg&quot;)\">\n                <div class=\"u-container-layout u-valign-bottom u-container-layout-1\"><\/div>\n              <\/div>\n              <div class=\"u-align-left u-container-style u-layout-cell u-right-cell u-size-28-lg u-size-28-xl u-size-60-md u-size-60-sm u-size-60-xs u-white u-layout-cell-2\" data-animation-name=\"customAnimationIn\" data-animation-duration=\"1500\" data-animation-delay=\"250\">\n                <div class=\"u-container-layout u-container-layout-2\">\n                  <h3 class=\"u-align-left u-text u-text-custom-color-2 u-text-1\"> Photographers &amp; TV camera operators<\/h3>\n                  <p class=\"u-align-left u-text u-text-2\"> Bibs must be worn to distinguish accredited photographers from private\/non-professional photographers or TV camera operators. These bibs must be worn throughout the event. <br>\n                    <br> They are handed out upon a deposit of 50 EUR \/ an ID card or Passport. \n                  <\/p>\n                <\/div>\n              <\/div>\n            <\/div>\n          <\/div>\n        <\/div>\n      <\/div>\n    <\/section>\n    <section class=\"u-align-center u-clearfix u-image u-shading lazyload u-section-6\" id=\"sec-a10b\" data-image-width=\"1280\" data-image-height=\"1207\" data-bg=\"url('https:\/\/rowingparis-u19event.com\/wp-content\/uploads\/2023\/06\/e9e70ea9f340c2ce522e029ca44faee460b3856c20185a10a33fa607db2290c1e471bbf4b494c99cf75e29e9b5c8091fdb1aa34d22e6fa2b2e05f8_1280.jpg')\">\n      <div class=\"u-clearfix u-sheet u-valign-middle u-sheet-1\">\n        <div class=\"u-container-style u-group u-palette-4-dark-2 u-radius-15 u-shape-round u-group-1\">\n          <div class=\"u-container-layout u-container-layout-1\">\n            <h2 class=\"u-align-center u-custom-font u-font-roboto u-text u-text-default u-text-1\"> Local contacts<\/h2>\n            <div class=\"u-border-3 u-border-palette-3-base u-line u-line-horizontal u-line-1\"><\/div>\n            <p class=\"u-align-center u-text u-text-2\">\n              <span style=\"font-weight: 700;\">V\u00e9ronique PRIOU<\/span>\n              <br>+33 (0)675219741<br>\n              <span style=\"font-weight: 700;\">Alain HOMSI <\/span>\n              <br> +33(0)628323245\n            <\/p>\n          <\/div>\n        <\/div>\n      <\/div>\n    <\/section>","protected":false},"excerpt":{"rendered":"<p>PRESSE&nbsp; &amp; M\u00e9dia Les demandes d&rsquo;accr\u00e9ditations Les demandes d&rsquo;accr\u00e9ditations&nbsp;pour les journalistes et photographes, quel que soit leur m\u00e9dia, sont \u00e0 faire avant le 19 juillet en allant \u00e0 l&rsquo;adresse web suivante : https:\/\/rowingtwo.sportresult.com C&rsquo;est World Rowing qui donnera sa validation Pour toute question \u00e0 propos des accr\u00e9ditations, vous pouvez contacter Monica Briedyte (monica.briedyte@worldrowing.com) ou Prateek &hellip; <a href=\"https:\/\/rowingparis-u19event.com\/en\/press-media\/\" class=\"more-link\">Continue reading<span class=\"screen-reader-text\"> \u00ab\u00a0Press Media\u00a0\u00bb<\/span><\/a><\/p>","protected":false},"author":1,"featured_media":0,"parent":0,"menu_order":0,"comment_status":"closed","ping_status":"closed","template":"","meta":{"footnotes":""},"class_list":["post-846","page","type-page","status-publish","hentry"],"yoast_head":"<!-- This site is optimized with the Yoast SEO plugin v27.4 - https:\/\/yoast.com\/product\/yoast-seo-wordpress\/ -->\n<title>Press Media - WRU19<\/title>\n<meta name=\"robots\" content=\"index, follow, max-snippet:-1, max-image-preview:large, max-video-preview:-1\" \/>\n<link rel=\"canonical\" href=\"https:\/\/rowingparis-u19event.com\/en\/press-media\/\" \/>\n<meta property=\"og:locale\" content=\"en_US\" \/>\n<meta property=\"og:type\" content=\"article\" \/>\n<meta property=\"og:title\" content=\"Press Media - WRU19\" \/>\n<meta property=\"og:description\" content=\"PRESSE&nbsp; &amp; M\u00e9dia Les demandes d&#039;accr\u00e9ditations Les demandes d&#039;accr\u00e9ditations&nbsp;pour les journalistes et photographes, quel que soit leur m\u00e9dia, sont \u00e0 faire avant le 19 juillet en allant \u00e0 l&#039;adresse web suivante : https:\/\/rowingtwo.sportresult.com C&#039;est World Rowing qui donnera sa validation Pour toute question \u00e0 propos des accr\u00e9ditations, vous pouvez contacter Monica Briedyte (monica.briedyte@worldrowing.com) ou Prateek &hellip; Continue reading &quot;Press Media&quot;\" \/>\n<meta property=\"og:url\" content=\"https:\/\/rowingparis-u19event.com\/en\/press-media\/\" \/>\n<meta property=\"og:site_name\" content=\"WRU19\" \/>\n<meta property=\"article:modified_time\" content=\"2023-07-22T11:26:16+00:00\" \/>\n<meta name=\"twitter:card\" content=\"summary_large_image\" \/>\n<meta name=\"twitter:label1\" content=\"Est. reading time\" \/>\n\t<meta name=\"twitter:data1\" content=\"2 minutes\" \/>\n<script type=\"application\/ld+json\" class=\"yoast-schema-graph\">{\"@context\":\"https:\\\/\\\/schema.org\",\"@graph\":[{\"@type\":\"WebPage\",\"@id\":\"https:\\\/\\\/rowingparis-u19event.com\\\/press-media\\\/\",\"url\":\"https:\\\/\\\/rowingparis-u19event.com\\\/press-media\\\/\",\"name\":\"Press Media - WRU19\",\"isPartOf\":{\"@id\":\"https:\\\/\\\/rowingparis-u19event.com\\\/#website\"},\"datePublished\":\"2023-06-19T08:53:49+00:00\",\"dateModified\":\"2023-07-22T11:26:16+00:00\",\"breadcrumb\":{\"@id\":\"https:\\\/\\\/rowingparis-u19event.com\\\/press-media\\\/#breadcrumb\"},\"inLanguage\":\"en-US\",\"potentialAction\":[{\"@type\":\"ReadAction\",\"target\":[\"https:\\\/\\\/rowingparis-u19event.com\\\/press-media\\\/\"]}]},{\"@type\":\"BreadcrumbList\",\"@id\":\"https:\\\/\\\/rowingparis-u19event.com\\\/press-media\\\/#breadcrumb\",\"itemListElement\":[{\"@type\":\"ListItem\",\"position\":1,\"name\":\"Accueil\",\"item\":\"https:\\\/\\\/rowingparis-u19event.com\\\/\"},{\"@type\":\"ListItem\",\"position\":2,\"name\":\"Press Media\"}]},{\"@type\":\"WebSite\",\"@id\":\"https:\\\/\\\/rowingparis-u19event.com\\\/#website\",\"url\":\"https:\\\/\\\/rowingparis-u19event.com\\\/\",\"name\":\"WRU19\",\"description\":\"Champio\u200bnnats du Monde U19 Paris, du 2 au 6 ao&ucirc;t 2023\",\"publisher\":{\"@id\":\"https:\\\/\\\/rowingparis-u19event.com\\\/#organization\"},\"alternateName\":\"rowingparis-u19event.com\",\"potentialAction\":[{\"@type\":\"SearchAction\",\"target\":{\"@type\":\"EntryPoint\",\"urlTemplate\":\"https:\\\/\\\/rowingparis-u19event.com\\\/?s={search_term_string}\"},\"query-input\":{\"@type\":\"PropertyValueSpecification\",\"valueRequired\":true,\"valueName\":\"search_term_string\"}}],\"inLanguage\":\"en-US\"},{\"@type\":\"Organization\",\"@id\":\"https:\\\/\\\/rowingparis-u19event.com\\\/#organization\",\"name\":\"rowingparis-u19event.com\",\"url\":\"https:\\\/\\\/rowingparis-u19event.com\\\/\",\"logo\":{\"@type\":\"ImageObject\",\"inLanguage\":\"en-US\",\"@id\":\"https:\\\/\\\/rowingparis-u19event.com\\\/#\\\/schema\\\/logo\\\/image\\\/\",\"url\":\"https:\\\/\\\/rowingparis-u19event.com\\\/wp-content\\\/uploads\\\/2022\\\/10\\\/logo-w192-1.jpg\",\"contentUrl\":\"https:\\\/\\\/rowingparis-u19event.com\\\/wp-content\\\/uploads\\\/2022\\\/10\\\/logo-w192-1.jpg\",\"width\":256,\"height\":226,\"caption\":\"rowingparis-u19event.com\"},\"image\":{\"@id\":\"https:\\\/\\\/rowingparis-u19event.com\\\/#\\\/schema\\\/logo\\\/image\\\/\"}}]}<\/script>\n<!-- \/ Yoast SEO plugin. -->","yoast_head_json":{"title":"Press Media - WRU19","robots":{"index":"index","follow":"follow","max-snippet":"max-snippet:-1","max-image-preview":"max-image-preview:large","max-video-preview":"max-video-preview:-1"},"canonical":"https:\/\/rowingparis-u19event.com\/en\/press-media\/","og_locale":"en_US","og_type":"article","og_title":"Press Media - WRU19","og_description":"PRESSE&nbsp; &amp; M\u00e9dia Les demandes d'accr\u00e9ditations Les demandes d'accr\u00e9ditations&nbsp;pour les journalistes et photographes, quel que soit leur m\u00e9dia, sont \u00e0 faire avant le 19 juillet en allant \u00e0 l'adresse web suivante : https:\/\/rowingtwo.sportresult.com C'est World Rowing qui donnera sa validation Pour toute question \u00e0 propos des accr\u00e9ditations, vous pouvez contacter Monica Briedyte (monica.briedyte@worldrowing.com) ou Prateek &hellip; Continue reading \"Press Media\"","og_url":"https:\/\/rowingparis-u19event.com\/en\/press-media\/","og_site_name":"WRU19","article_modified_time":"2023-07-22T11:26:16+00:00","twitter_card":"summary_large_image","twitter_misc":{"Est. reading time":"2 minutes"},"schema":{"@context":"https:\/\/schema.org","@graph":[{"@type":"WebPage","@id":"https:\/\/rowingparis-u19event.com\/press-media\/","url":"https:\/\/rowingparis-u19event.com\/press-media\/","name":"Press Media - WRU19","isPartOf":{"@id":"https:\/\/rowingparis-u19event.com\/#website"},"datePublished":"2023-06-19T08:53:49+00:00","dateModified":"2023-07-22T11:26:16+00:00","breadcrumb":{"@id":"https:\/\/rowingparis-u19event.com\/press-media\/#breadcrumb"},"inLanguage":"en-US","potentialAction":[{"@type":"ReadAction","target":["https:\/\/rowingparis-u19event.com\/press-media\/"]}]},{"@type":"BreadcrumbList","@id":"https:\/\/rowingparis-u19event.com\/press-media\/#breadcrumb","itemListElement":[{"@type":"ListItem","position":1,"name":"Accueil","item":"https:\/\/rowingparis-u19event.com\/"},{"@type":"ListItem","position":2,"name":"Press Media"}]},{"@type":"WebSite","@id":"https:\/\/rowingparis-u19event.com\/#website","url":"https:\/\/rowingparis-u19event.com\/","name":"WRU19","description":"Champio\u200bnnats du Monde U19 Paris, du 2 au 6 ao&ucirc;t 2023","publisher":{"@id":"https:\/\/rowingparis-u19event.com\/#organization"},"alternateName":"rowingparis-u19event.com","potentialAction":[{"@type":"SearchAction","target":{"@type":"EntryPoint","urlTemplate":"https:\/\/rowingparis-u19event.com\/?s={search_term_string}"},"query-input":{"@type":"PropertyValueSpecification","valueRequired":true,"valueName":"search_term_string"}}],"inLanguage":"en-US"},{"@type":"Organization","@id":"https:\/\/rowingparis-u19event.com\/#organization","name":"rowingparis-u19event.com","url":"https:\/\/rowingparis-u19event.com\/","logo":{"@type":"ImageObject","inLanguage":"en-US","@id":"https:\/\/rowingparis-u19event.com\/#\/schema\/logo\/image\/","url":"https:\/\/rowingparis-u19event.com\/wp-content\/uploads\/2022\/10\/logo-w192-1.jpg","contentUrl":"https:\/\/rowingparis-u19event.com\/wp-content\/uploads\/2022\/10\/logo-w192-1.jpg","width":256,"height":226,"caption":"rowingparis-u19event.com"},"image":{"@id":"https:\/\/rowingparis-u19event.com\/#\/schema\/logo\/image\/"}}]}},"_links":{"self":[{"href":"https:\/\/rowingparis-u19event.com\/en\/wp-json\/wp\/v2\/pages\/846","targetHints":{"allow":["GET"]}}],"collection":[{"href":"https:\/\/rowingparis-u19event.com\/en\/wp-json\/wp\/v2\/pages"}],"about":[{"href":"https:\/\/rowingparis-u19event.com\/en\/wp-json\/wp\/v2\/types\/page"}],"author":[{"embeddable":true,"href":"https:\/\/rowingparis-u19event.com\/en\/wp-json\/wp\/v2\/users\/1"}],"replies":[{"embeddable":true,"href":"https:\/\/rowingparis-u19event.com\/en\/wp-json\/wp\/v2\/comments?post=846"}],"version-history":[{"count":16,"href":"https:\/\/rowingparis-u19event.com\/en\/wp-json\/wp\/v2\/pages\/846\/revisions"}],"predecessor-version":[{"id":934,"href":"https:\/\/rowingparis-u19event.com\/en\/wp-json\/wp\/v2\/pages\/846\/revisions\/934"}],"wp:attachment":[{"href":"https:\/\/rowingparis-u19event.com\/en\/wp-json\/wp\/v2\/media?parent=846"}],"curies":[{"name":"wp","href":"https:\/\/api.w.org\/{rel}","templated":true}]}}