{"id":608,"date":"2023-05-17T09:04:58","date_gmt":"2023-05-17T09:04:58","guid":{"rendered":"https:\/\/rowingparis-u19event.com\/?page_id=608"},"modified":"2023-07-22T11:19:13","modified_gmt":"2023-07-22T11:19:13","slug":"billeterie","status":"publish","type":"page","link":"https:\/\/rowingparis-u19event.com\/en\/billeterie\/","title":{"rendered":"Tickets"},"content":{"rendered":"<section class=\"u-align-center u-clearfix u-image u-shading lazyload u-section-2\" id=\"sec-fa8d\" data-image-width=\"1920\" data-image-height=\"418\" data-bg=\"url('https:\/\/rowingparis-u19event.com\/wp-content\/uploads\/2022\/10\/cielgris.jpg')\">\n      <div class=\"u-clearfix u-sheet u-sheet-1\">\n        <h1 class=\"u-align-left u-custom-font u-font-montserrat u-text u-text-body-alt-color u-text-default-lg u-text-default-md u-text-default-sm u-text-default-xl u-text-1\">Tickets<\/h1>\n      <\/div>\n    <\/section>\n    <section class=\"skrollable u-clearfix u-image u-parallax u-shading lazyload u-section-3\" id=\"sec-723e\" data-image-width=\"1838\" data-image-height=\"1194\" data-bg=\"url('https:\/\/rowingparis-u19event.com\/wp-content\/uploads\/2023\/05\/fond9.jpg')\">\n      <div class=\"u-clearfix u-sheet u-sheet-1\">\n        <h1 class=\"u-align-center u-custom-font u-font-roboto u-text u-text-custom-color-2 u-text-1\" data-animation-name=\"flipIn\" data-animation-duration=\"1000\" data-animation-direction=\"X\"> Reserve your tickets now!<\/h1>\n        <div class=\"u-container-style u-expanded-width u-group u-radius-15 u-shape-round u-white u-group-1\">\n          <div class=\"u-container-layout u-container-layout-1\">\n            <div class=\"u-align-center u-clearfix u-custom-html u-custom-html-1\">\n              <a title=\"Logiciel billetterie en ligne\" href=\"https:\/\/weezevent.com\/?c=sys_widget\" class=\"weezevent-widget-integration\" data-src=\"https:\/\/widget.weezevent.com\/ticket\/E984641\/?code=6008&amp;locale=fr-FR&amp;width_auto=1&amp;color_primary=00AEEF\" data-width=\"650\" data-height=\"600\" data-id=\"984641\" data-resize=\"1\" data-width_auto=\"1\" data-noscroll=\"0\" data-use-container=\"yes\" data-type=\"neo\" target=\"_blank\">Billetterie Weezevent<\/a>\n              <script type=\"text\/javascript\" src=\"https:\/\/widget.weezevent.com\/weez.js\"><\/script>\n            <\/div>\n          <\/div>\n        <\/div>\n      <\/div>\n    <\/section>\n    <section class=\"u-clearfix u-gradient u-section-4\" id=\"sec-9c84\">\n      <div class=\"u-clearfix u-sheet u-valign-middle u-sheet-1\">\n        <img class=\"u-border-1 u-border-custom-color-31 u-image u-image-contain u-image-default lazyload u-image-1\" data-image-width=\"3150\" data-image-height=\"2362\" data-animation-name=\"customAnimationIn\" data-animation-duration=\"1000\" data-src=\"https:\/\/rowingparis-u19event.com\/wp-content\/uploads\/2023\/07\/Charteenvironnementale-scaled-1-2.jpg\">\n      <\/div>\n    <\/section>\n    <section class=\"u-clearfix u-white u-section-5\" id=\"sec-5b4f\">\n      <div class=\"u-clearfix u-sheet u-sheet-1\">\n        <h1 class=\"u-align-center u-custom-font u-font-roboto u-text u-text-palette-5-dark-1 u-text-1\"> Thanks to our partners<\/h1>\n        <div class=\"u-clearfix u-disable-padding u-expanded-width-md u-gutter-18 u-layout-wrap u-layout-wrap-1\">\n          <div class=\"u-gutter-0 u-layout\">\n            <div class=\"u-layout-col\">\n              <div class=\"u-size-30\">\n                <div class=\"u-layout-row\">\n                  <div class=\"u-align-center u-container-style u-layout-cell u-size-15 u-size-30-md u-layout-cell-1\" data-href=\"#\">\n                    <div class=\"u-container-layout u-container-layout-1\"><\/div>\n                  <\/div>\n                  <div class=\"u-container-style u-layout-cell u-size-15 u-size-30-md u-layout-cell-2\" data-href=\"#\">\n                    <div class=\"u-container-layout u-valign-middle u-container-layout-2\">\n                      <img class=\"u-expanded-width u-image lazyload u-image-1\" data-image-width=\"1662\" data-image-height=\"948\" data-href=\"#\" data-src=\"https:\/\/rowingparis-u19event.com\/wp-content\/uploads\/2023\/05\/WRMasterFINALRegisteredlogo.jpg\">\n                    <\/div>\n                  <\/div>\n                  <div class=\"u-align-center u-container-style u-image u-image-contain u-layout-cell u-size-15 u-size-30-md lazyload u-image-2\" data-href=\"#\" data-image-width=\"1515\" data-image-height=\"499\" data-bg=\"url(&quot;https:\/\/rowingparis-u19event.com\/wp-content\/uploads\/2023\/04\/Logo-WWF-World-Rowing.jpg&quot;)\">\n                    <div class=\"u-container-layout u-valign-bottom u-container-layout-3\"><\/div>\n                  <\/div>\n                  <div class=\"u-align-center u-container-style u-layout-cell u-size-15 u-size-30-md u-layout-cell-4\" data-href=\"#\">\n                    <div class=\"u-container-layout u-container-layout-4\"><\/div>\n                  <\/div>\n                <\/div>\n              <\/div>\n              <div class=\"u-size-30\">\n                <div class=\"u-layout-row\">\n                  <div class=\"u-container-style u-image u-layout-cell u-size-15 lazyload u-image-3\" data-image-width=\"2560\" data-image-height=\"1624\" data-href=\"#\" data-bg=\"url(&quot;https:\/\/rowingparis-u19event.com\/wp-content\/uploads\/2022\/10\/MIN_Sports_JO_Paralympiques_CMJN-copie-scaled-1.jpg&quot;)\">\n                    <div class=\"u-container-layout u-container-layout-5\"><\/div>\n                  <\/div>\n                  <div class=\"u-align-center u-container-style u-image u-image-contain u-layout-cell u-size-15 lazyload u-image-4\" data-href=\"#\" data-image-width=\"1280\" data-image-height=\"856\" data-bg=\"url(&quot;https:\/\/rowingparis-u19event.com\/wp-content\/uploads\/2022\/10\/1280px-Region_Ile-de-France_logo.svg_.png&quot;)\">\n                    <div class=\"u-container-layout u-valign-middle u-container-layout-6\"><\/div>\n                  <\/div>\n                  <div class=\"u-align-center u-container-style u-image u-image-contain u-layout-cell u-size-15 lazyload u-image-5\" data-href=\"#\" data-image-width=\"261\" data-image-height=\"198\" data-bg=\"url(&quot;https:\/\/rowingparis-u19event.com\/wp-content\/uploads\/2022\/10\/image005-1.png&quot;)\">\n                    <div class=\"u-container-layout u-container-layout-7\"><\/div>\n                  <\/div>\n                  <div class=\"u-container-style u-image u-image-contain u-layout-cell u-size-15 lazyload u-image-6\" data-image-width=\"502\" data-image-height=\"250\" data-href=\"#\" data-bg=\"url(&quot;https:\/\/rowingparis-u19event.com\/wp-content\/uploads\/2022\/10\/logo-2.png&quot;)\">\n                    <div class=\"u-container-layout u-valign-middle u-container-layout-8\"><\/div>\n                  <\/div>\n                <\/div>\n              <\/div>\n            <\/div>\n          <\/div>\n        <\/div>\n      <\/div>\n    <\/section>","protected":false},"excerpt":{"rendered":"<p>Billetterie R\u00e9servez vos places d\u00e8s maintenant ! Billetterie Weezevent Remerciements \u00e0 nos partenaires<\/p>","protected":false},"author":1,"featured_media":0,"parent":0,"menu_order":0,"comment_status":"closed","ping_status":"closed","template":"","meta":{"footnotes":""},"class_list":["post-608","page","type-page","status-publish","hentry"],"yoast_head":"<!-- This site is optimized with the Yoast SEO plugin v27.4 - https:\/\/yoast.com\/product\/yoast-seo-wordpress\/ -->\n<title>Billeterie - WRU19<\/title>\n<meta name=\"robots\" content=\"index, follow, max-snippet:-1, max-image-preview:large, max-video-preview:-1\" \/>\n<link rel=\"canonical\" href=\"https:\/\/rowingparis-u19event.com\/en\/billeterie\/\" \/>\n<meta property=\"og:locale\" content=\"en_US\" \/>\n<meta property=\"og:type\" content=\"article\" \/>\n<meta property=\"og:title\" content=\"Billeterie - WRU19\" \/>\n<meta property=\"og:description\" content=\"Billetterie R\u00e9servez vos places d\u00e8s maintenant ! Billetterie Weezevent Remerciements \u00e0 nos partenaires\" \/>\n<meta property=\"og:url\" content=\"https:\/\/rowingparis-u19event.com\/en\/billeterie\/\" \/>\n<meta property=\"og:site_name\" content=\"WRU19\" \/>\n<meta property=\"article:modified_time\" content=\"2023-07-22T11:19:13+00:00\" \/>\n<meta name=\"twitter:card\" content=\"summary_large_image\" \/>\n<meta name=\"twitter:label1\" content=\"Est. reading time\" \/>\n\t<meta name=\"twitter:data1\" content=\"1 minute\" \/>\n<script type=\"application\/ld+json\" class=\"yoast-schema-graph\">{\"@context\":\"https:\\\/\\\/schema.org\",\"@graph\":[{\"@type\":\"WebPage\",\"@id\":\"https:\\\/\\\/rowingparis-u19event.com\\\/billeterie\\\/\",\"url\":\"https:\\\/\\\/rowingparis-u19event.com\\\/billeterie\\\/\",\"name\":\"Billeterie - WRU19\",\"isPartOf\":{\"@id\":\"https:\\\/\\\/rowingparis-u19event.com\\\/#website\"},\"datePublished\":\"2023-05-17T09:04:58+00:00\",\"dateModified\":\"2023-07-22T11:19:13+00:00\",\"breadcrumb\":{\"@id\":\"https:\\\/\\\/rowingparis-u19event.com\\\/billeterie\\\/#breadcrumb\"},\"inLanguage\":\"en-US\",\"potentialAction\":[{\"@type\":\"ReadAction\",\"target\":[\"https:\\\/\\\/rowingparis-u19event.com\\\/billeterie\\\/\"]}]},{\"@type\":\"BreadcrumbList\",\"@id\":\"https:\\\/\\\/rowingparis-u19event.com\\\/billeterie\\\/#breadcrumb\",\"itemListElement\":[{\"@type\":\"ListItem\",\"position\":1,\"name\":\"Accueil\",\"item\":\"https:\\\/\\\/rowingparis-u19event.com\\\/\"},{\"@type\":\"ListItem\",\"position\":2,\"name\":\"Billeterie\"}]},{\"@type\":\"WebSite\",\"@id\":\"https:\\\/\\\/rowingparis-u19event.com\\\/#website\",\"url\":\"https:\\\/\\\/rowingparis-u19event.com\\\/\",\"name\":\"WRU19\",\"description\":\"Champio\u200bnnats du Monde U19 Paris, du 2 au 6 ao&ucirc;t 2023\",\"publisher\":{\"@id\":\"https:\\\/\\\/rowingparis-u19event.com\\\/#organization\"},\"alternateName\":\"rowingparis-u19event.com\",\"potentialAction\":[{\"@type\":\"SearchAction\",\"target\":{\"@type\":\"EntryPoint\",\"urlTemplate\":\"https:\\\/\\\/rowingparis-u19event.com\\\/?s={search_term_string}\"},\"query-input\":{\"@type\":\"PropertyValueSpecification\",\"valueRequired\":true,\"valueName\":\"search_term_string\"}}],\"inLanguage\":\"en-US\"},{\"@type\":\"Organization\",\"@id\":\"https:\\\/\\\/rowingparis-u19event.com\\\/#organization\",\"name\":\"rowingparis-u19event.com\",\"url\":\"https:\\\/\\\/rowingparis-u19event.com\\\/\",\"logo\":{\"@type\":\"ImageObject\",\"inLanguage\":\"en-US\",\"@id\":\"https:\\\/\\\/rowingparis-u19event.com\\\/#\\\/schema\\\/logo\\\/image\\\/\",\"url\":\"https:\\\/\\\/rowingparis-u19event.com\\\/wp-content\\\/uploads\\\/2022\\\/10\\\/logo-w192-1.jpg\",\"contentUrl\":\"https:\\\/\\\/rowingparis-u19event.com\\\/wp-content\\\/uploads\\\/2022\\\/10\\\/logo-w192-1.jpg\",\"width\":256,\"height\":226,\"caption\":\"rowingparis-u19event.com\"},\"image\":{\"@id\":\"https:\\\/\\\/rowingparis-u19event.com\\\/#\\\/schema\\\/logo\\\/image\\\/\"}}]}<\/script>\n<!-- \/ Yoast SEO plugin. -->","yoast_head_json":{"title":"Billeterie - WRU19","robots":{"index":"index","follow":"follow","max-snippet":"max-snippet:-1","max-image-preview":"max-image-preview:large","max-video-preview":"max-video-preview:-1"},"canonical":"https:\/\/rowingparis-u19event.com\/en\/billeterie\/","og_locale":"en_US","og_type":"article","og_title":"Billeterie - WRU19","og_description":"Billetterie R\u00e9servez vos places d\u00e8s maintenant ! Billetterie Weezevent Remerciements \u00e0 nos partenaires","og_url":"https:\/\/rowingparis-u19event.com\/en\/billeterie\/","og_site_name":"WRU19","article_modified_time":"2023-07-22T11:19:13+00:00","twitter_card":"summary_large_image","twitter_misc":{"Est. reading time":"1 minute"},"schema":{"@context":"https:\/\/schema.org","@graph":[{"@type":"WebPage","@id":"https:\/\/rowingparis-u19event.com\/billeterie\/","url":"https:\/\/rowingparis-u19event.com\/billeterie\/","name":"Billeterie - WRU19","isPartOf":{"@id":"https:\/\/rowingparis-u19event.com\/#website"},"datePublished":"2023-05-17T09:04:58+00:00","dateModified":"2023-07-22T11:19:13+00:00","breadcrumb":{"@id":"https:\/\/rowingparis-u19event.com\/billeterie\/#breadcrumb"},"inLanguage":"en-US","potentialAction":[{"@type":"ReadAction","target":["https:\/\/rowingparis-u19event.com\/billeterie\/"]}]},{"@type":"BreadcrumbList","@id":"https:\/\/rowingparis-u19event.com\/billeterie\/#breadcrumb","itemListElement":[{"@type":"ListItem","position":1,"name":"Accueil","item":"https:\/\/rowingparis-u19event.com\/"},{"@type":"ListItem","position":2,"name":"Billeterie"}]},{"@type":"WebSite","@id":"https:\/\/rowingparis-u19event.com\/#website","url":"https:\/\/rowingparis-u19event.com\/","name":"WRU19","description":"Champio\u200bnnats du Monde U19 Paris, du 2 au 6 ao&ucirc;t 2023","publisher":{"@id":"https:\/\/rowingparis-u19event.com\/#organization"},"alternateName":"rowingparis-u19event.com","potentialAction":[{"@type":"SearchAction","target":{"@type":"EntryPoint","urlTemplate":"https:\/\/rowingparis-u19event.com\/?s={search_term_string}"},"query-input":{"@type":"PropertyValueSpecification","valueRequired":true,"valueName":"search_term_string"}}],"inLanguage":"en-US"},{"@type":"Organization","@id":"https:\/\/rowingparis-u19event.com\/#organization","name":"rowingparis-u19event.com","url":"https:\/\/rowingparis-u19event.com\/","logo":{"@type":"ImageObject","inLanguage":"en-US","@id":"https:\/\/rowingparis-u19event.com\/#\/schema\/logo\/image\/","url":"https:\/\/rowingparis-u19event.com\/wp-content\/uploads\/2022\/10\/logo-w192-1.jpg","contentUrl":"https:\/\/rowingparis-u19event.com\/wp-content\/uploads\/2022\/10\/logo-w192-1.jpg","width":256,"height":226,"caption":"rowingparis-u19event.com"},"image":{"@id":"https:\/\/rowingparis-u19event.com\/#\/schema\/logo\/image\/"}}]}},"_links":{"self":[{"href":"https:\/\/rowingparis-u19event.com\/en\/wp-json\/wp\/v2\/pages\/608","targetHints":{"allow":["GET"]}}],"collection":[{"href":"https:\/\/rowingparis-u19event.com\/en\/wp-json\/wp\/v2\/pages"}],"about":[{"href":"https:\/\/rowingparis-u19event.com\/en\/wp-json\/wp\/v2\/types\/page"}],"author":[{"embeddable":true,"href":"https:\/\/rowingparis-u19event.com\/en\/wp-json\/wp\/v2\/users\/1"}],"replies":[{"embeddable":true,"href":"https:\/\/rowingparis-u19event.com\/en\/wp-json\/wp\/v2\/comments?post=608"}],"version-history":[{"count":21,"href":"https:\/\/rowingparis-u19event.com\/en\/wp-json\/wp\/v2\/pages\/608\/revisions"}],"predecessor-version":[{"id":933,"href":"https:\/\/rowingparis-u19event.com\/en\/wp-json\/wp\/v2\/pages\/608\/revisions\/933"}],"wp:attachment":[{"href":"https:\/\/rowingparis-u19event.com\/en\/wp-json\/wp\/v2\/media?parent=608"}],"curies":[{"name":"wp","href":"https:\/\/api.w.org\/{rel}","templated":true}]}}