{"id":529,"date":"2023-03-15T18:29:29","date_gmt":"2023-03-15T18:29:29","guid":{"rendered":"https:\/\/rowingparis-u19event.com\/?page_id=529"},"modified":"2023-08-07T14:39:25","modified_gmt":"2023-08-07T12:39:25","slug":"volontaires","status":"publish","type":"page","link":"https:\/\/rowingparis-u19event.com\/en\/volontaires\/","title":{"rendered":"Volunteers"},"content":{"rendered":"<section class=\"u-align-center u-clearfix u-image u-shading lazyload u-section-2\" id=\"sec-7255\" data-image-width=\"1920\" data-image-height=\"418\" data-bg=\"url('https:\/\/rowingparis-u19event.com\/wp-content\/uploads\/2023\/03\/cielgris.jpg')\">\n      <div class=\"u-clearfix u-sheet u-valign-middle u-sheet-1\">\n        <h1 class=\"u-align-left u-custom-font u-font-montserrat u-text u-text-body-alt-color u-text-default u-text-1\">Volunteers<br>\n        <\/h1>\n      <\/div>\n    <\/section>\n    <section class=\"u-align-center u-clearfix u-section-3\" id=\"sec-786a\">\n      <div class=\"u-clearfix u-expanded-width u-gutter-0 u-layout-wrap u-layout-wrap-1\">\n        <div class=\"u-layout\" style=\"\">\n          <div class=\"u-layout-row\" style=\"\">\n            <div class=\"u-align-left u-container-style u-image u-layout-cell u-left-cell u-size-13 u-size-xs-60 lazyload u-image-1\" src=\"\" data-image-width=\"1920\" data-image-height=\"1281\" data-bg=\"url(&quot;https:\/\/rowingparis-u19event.com\/wp-content\/uploads\/2022\/10\/Photo-5.jpg&quot;)\">\n              <div class=\"u-container-layout u-valign-middle u-container-layout-1\" src=\"\"><\/div>\n            <\/div>\n            <div class=\"u-align-left u-container-style u-layout-cell u-palette-1-base u-right-cell u-size-33 u-size-xs-60 u-layout-cell-2\">\n              <div class=\"u-container-layout u-container-layout-2\">\n                <p class=\"u-custom-font u-font-roboto u-text u-text-1\"><i>The event is approaching, and its success depends on volunteers!<u><\/u><u><\/u><\/i>\n                  <br><i>Nearly 700 candidates.<u><\/u><u><\/u><\/i>\n                  <br><i>There will be 320 of them working, with equal numbers of men and women.<u><\/u><u><\/u><\/i>\n                  <br><i>To accomplish fifty specific and different missions<u><\/u><u><\/u><\/i>\n                  <br><i>All in all, this represents (excluding preliminary preparation) more than 21,000 hours of volunteer work over the duration of the event alone.<\/i>\n                <\/p>\n              <\/div>\n            <\/div>\n            <div class=\"u-container-align-center u-container-style u-image u-layout-cell u-size-14 lazyload u-image-2\" data-image-width=\"1920\" data-image-height=\"958\" data-bg=\"url(&quot;https:\/\/rowingparis-u19event.com\/wp-content\/uploads\/2022\/10\/Photo-82.jpg&quot;)\">\n              <div class=\"u-container-layout u-container-layout-3\"><\/div>\n            <\/div>\n          <\/div>\n        <\/div>\n      <\/div>\n    <\/section>\n    <section class=\"u-clearfix u-gradient u-section-4\" id=\"sec-38a6\">\n      <div class=\"u-clearfix u-sheet u-valign-middle u-sheet-1\">\n        <img class=\"u-border-1 u-border-custom-color-34 u-image u-image-contain u-image-default lazyload u-image-1\" data-image-width=\"3150\" data-image-height=\"2362\" data-animation-name=\"customAnimationIn\" data-animation-duration=\"1000\" data-animation-out=\"0\" data-src=\"https:\/\/rowingparis-u19event.com\/wp-content\/uploads\/2023\/07\/Charteenvironnementale-scaled-1-3.jpg\">\n      <\/div>\n    <\/section>","protected":false},"excerpt":{"rendered":"<p>Volontaires L\u2019\u00e9v\u00e8nement approche et sa r\u00e9ussite repose sur les Volontaires&nbsp;! Pr\u00e8s de 700 candidats. Ils et elles seront 320 \u00e0 \u0153uvrer, en parit\u00e9 hommes \/ femmes. Pour l\u2019accomplissement de cinquante missions sp\u00e9cifiques et diff\u00e9rentes Le tout repr\u00e9sentant (hors pr\u00e9paration pr\u00e9alable), plus de 21.000 heures de b\u00e9n\u00e9volat pendant la seule dur\u00e9e de l\u2019\u00e9v\u00e8nement.<\/p>","protected":false},"author":1,"featured_media":0,"parent":0,"menu_order":0,"comment_status":"closed","ping_status":"closed","template":"","meta":{"footnotes":""},"class_list":["post-529","page","type-page","status-publish","hentry"],"yoast_head":"<!-- This site is optimized with the Yoast SEO plugin v27.4 - https:\/\/yoast.com\/product\/yoast-seo-wordpress\/ -->\n<title>Volontaires - WRU19<\/title>\n<meta name=\"robots\" content=\"index, follow, max-snippet:-1, max-image-preview:large, max-video-preview:-1\" \/>\n<link rel=\"canonical\" href=\"https:\/\/rowingparis-u19event.com\/en\/volontaires\/\" \/>\n<meta property=\"og:locale\" content=\"en_US\" \/>\n<meta property=\"og:type\" content=\"article\" \/>\n<meta property=\"og:title\" content=\"Volontaires - WRU19\" \/>\n<meta property=\"og:description\" content=\"Volontaires L\u2019\u00e9v\u00e8nement approche et sa r\u00e9ussite repose sur les Volontaires&nbsp;! Pr\u00e8s de 700 candidats. Ils et elles seront 320 \u00e0 \u0153uvrer, en parit\u00e9 hommes \/ femmes. Pour l\u2019accomplissement de cinquante missions sp\u00e9cifiques et diff\u00e9rentes Le tout repr\u00e9sentant (hors pr\u00e9paration pr\u00e9alable), plus de 21.000 heures de b\u00e9n\u00e9volat pendant la seule dur\u00e9e de l\u2019\u00e9v\u00e8nement.\" \/>\n<meta property=\"og:url\" content=\"https:\/\/rowingparis-u19event.com\/en\/volontaires\/\" \/>\n<meta property=\"og:site_name\" content=\"WRU19\" \/>\n<meta property=\"article:modified_time\" content=\"2023-08-07T12:39:25+00:00\" \/>\n<meta name=\"twitter:card\" content=\"summary_large_image\" \/>\n<script type=\"application\/ld+json\" class=\"yoast-schema-graph\">{\"@context\":\"https:\\\/\\\/schema.org\",\"@graph\":[{\"@type\":\"WebPage\",\"@id\":\"https:\\\/\\\/rowingparis-u19event.com\\\/volontaires\\\/\",\"url\":\"https:\\\/\\\/rowingparis-u19event.com\\\/volontaires\\\/\",\"name\":\"Volontaires - WRU19\",\"isPartOf\":{\"@id\":\"https:\\\/\\\/rowingparis-u19event.com\\\/#website\"},\"datePublished\":\"2023-03-15T18:29:29+00:00\",\"dateModified\":\"2023-08-07T12:39:25+00:00\",\"breadcrumb\":{\"@id\":\"https:\\\/\\\/rowingparis-u19event.com\\\/volontaires\\\/#breadcrumb\"},\"inLanguage\":\"en-US\",\"potentialAction\":[{\"@type\":\"ReadAction\",\"target\":[\"https:\\\/\\\/rowingparis-u19event.com\\\/volontaires\\\/\"]}]},{\"@type\":\"BreadcrumbList\",\"@id\":\"https:\\\/\\\/rowingparis-u19event.com\\\/volontaires\\\/#breadcrumb\",\"itemListElement\":[{\"@type\":\"ListItem\",\"position\":1,\"name\":\"Accueil\",\"item\":\"https:\\\/\\\/rowingparis-u19event.com\\\/\"},{\"@type\":\"ListItem\",\"position\":2,\"name\":\"Volontaires\"}]},{\"@type\":\"WebSite\",\"@id\":\"https:\\\/\\\/rowingparis-u19event.com\\\/#website\",\"url\":\"https:\\\/\\\/rowingparis-u19event.com\\\/\",\"name\":\"WRU19\",\"description\":\"Champio\u200bnnats du Monde U19 Paris, du 2 au 6 ao&ucirc;t 2023\",\"publisher\":{\"@id\":\"https:\\\/\\\/rowingparis-u19event.com\\\/#organization\"},\"alternateName\":\"rowingparis-u19event.com\",\"potentialAction\":[{\"@type\":\"SearchAction\",\"target\":{\"@type\":\"EntryPoint\",\"urlTemplate\":\"https:\\\/\\\/rowingparis-u19event.com\\\/?s={search_term_string}\"},\"query-input\":{\"@type\":\"PropertyValueSpecification\",\"valueRequired\":true,\"valueName\":\"search_term_string\"}}],\"inLanguage\":\"en-US\"},{\"@type\":\"Organization\",\"@id\":\"https:\\\/\\\/rowingparis-u19event.com\\\/#organization\",\"name\":\"rowingparis-u19event.com\",\"url\":\"https:\\\/\\\/rowingparis-u19event.com\\\/\",\"logo\":{\"@type\":\"ImageObject\",\"inLanguage\":\"en-US\",\"@id\":\"https:\\\/\\\/rowingparis-u19event.com\\\/#\\\/schema\\\/logo\\\/image\\\/\",\"url\":\"https:\\\/\\\/rowingparis-u19event.com\\\/wp-content\\\/uploads\\\/2022\\\/10\\\/logo-w192-1.jpg\",\"contentUrl\":\"https:\\\/\\\/rowingparis-u19event.com\\\/wp-content\\\/uploads\\\/2022\\\/10\\\/logo-w192-1.jpg\",\"width\":256,\"height\":226,\"caption\":\"rowingparis-u19event.com\"},\"image\":{\"@id\":\"https:\\\/\\\/rowingparis-u19event.com\\\/#\\\/schema\\\/logo\\\/image\\\/\"}}]}<\/script>\n<!-- \/ Yoast SEO plugin. -->","yoast_head_json":{"title":"Volontaires - WRU19","robots":{"index":"index","follow":"follow","max-snippet":"max-snippet:-1","max-image-preview":"max-image-preview:large","max-video-preview":"max-video-preview:-1"},"canonical":"https:\/\/rowingparis-u19event.com\/en\/volontaires\/","og_locale":"en_US","og_type":"article","og_title":"Volontaires - WRU19","og_description":"Volontaires L\u2019\u00e9v\u00e8nement approche et sa r\u00e9ussite repose sur les Volontaires&nbsp;! Pr\u00e8s de 700 candidats. Ils et elles seront 320 \u00e0 \u0153uvrer, en parit\u00e9 hommes \/ femmes. Pour l\u2019accomplissement de cinquante missions sp\u00e9cifiques et diff\u00e9rentes Le tout repr\u00e9sentant (hors pr\u00e9paration pr\u00e9alable), plus de 21.000 heures de b\u00e9n\u00e9volat pendant la seule dur\u00e9e de l\u2019\u00e9v\u00e8nement.","og_url":"https:\/\/rowingparis-u19event.com\/en\/volontaires\/","og_site_name":"WRU19","article_modified_time":"2023-08-07T12:39:25+00:00","twitter_card":"summary_large_image","schema":{"@context":"https:\/\/schema.org","@graph":[{"@type":"WebPage","@id":"https:\/\/rowingparis-u19event.com\/volontaires\/","url":"https:\/\/rowingparis-u19event.com\/volontaires\/","name":"Volontaires - WRU19","isPartOf":{"@id":"https:\/\/rowingparis-u19event.com\/#website"},"datePublished":"2023-03-15T18:29:29+00:00","dateModified":"2023-08-07T12:39:25+00:00","breadcrumb":{"@id":"https:\/\/rowingparis-u19event.com\/volontaires\/#breadcrumb"},"inLanguage":"en-US","potentialAction":[{"@type":"ReadAction","target":["https:\/\/rowingparis-u19event.com\/volontaires\/"]}]},{"@type":"BreadcrumbList","@id":"https:\/\/rowingparis-u19event.com\/volontaires\/#breadcrumb","itemListElement":[{"@type":"ListItem","position":1,"name":"Accueil","item":"https:\/\/rowingparis-u19event.com\/"},{"@type":"ListItem","position":2,"name":"Volontaires"}]},{"@type":"WebSite","@id":"https:\/\/rowingparis-u19event.com\/#website","url":"https:\/\/rowingparis-u19event.com\/","name":"WRU19","description":"Champio\u200bnnats du Monde U19 Paris, du 2 au 6 ao&ucirc;t 2023","publisher":{"@id":"https:\/\/rowingparis-u19event.com\/#organization"},"alternateName":"rowingparis-u19event.com","potentialAction":[{"@type":"SearchAction","target":{"@type":"EntryPoint","urlTemplate":"https:\/\/rowingparis-u19event.com\/?s={search_term_string}"},"query-input":{"@type":"PropertyValueSpecification","valueRequired":true,"valueName":"search_term_string"}}],"inLanguage":"en-US"},{"@type":"Organization","@id":"https:\/\/rowingparis-u19event.com\/#organization","name":"rowingparis-u19event.com","url":"https:\/\/rowingparis-u19event.com\/","logo":{"@type":"ImageObject","inLanguage":"en-US","@id":"https:\/\/rowingparis-u19event.com\/#\/schema\/logo\/image\/","url":"https:\/\/rowingparis-u19event.com\/wp-content\/uploads\/2022\/10\/logo-w192-1.jpg","contentUrl":"https:\/\/rowingparis-u19event.com\/wp-content\/uploads\/2022\/10\/logo-w192-1.jpg","width":256,"height":226,"caption":"rowingparis-u19event.com"},"image":{"@id":"https:\/\/rowingparis-u19event.com\/#\/schema\/logo\/image\/"}}]}},"_links":{"self":[{"href":"https:\/\/rowingparis-u19event.com\/en\/wp-json\/wp\/v2\/pages\/529","targetHints":{"allow":["GET"]}}],"collection":[{"href":"https:\/\/rowingparis-u19event.com\/en\/wp-json\/wp\/v2\/pages"}],"about":[{"href":"https:\/\/rowingparis-u19event.com\/en\/wp-json\/wp\/v2\/types\/page"}],"author":[{"embeddable":true,"href":"https:\/\/rowingparis-u19event.com\/en\/wp-json\/wp\/v2\/users\/1"}],"replies":[{"embeddable":true,"href":"https:\/\/rowingparis-u19event.com\/en\/wp-json\/wp\/v2\/comments?post=529"}],"version-history":[{"count":11,"href":"https:\/\/rowingparis-u19event.com\/en\/wp-json\/wp\/v2\/pages\/529\/revisions"}],"predecessor-version":[{"id":1039,"href":"https:\/\/rowingparis-u19event.com\/en\/wp-json\/wp\/v2\/pages\/529\/revisions\/1039"}],"wp:attachment":[{"href":"https:\/\/rowingparis-u19event.com\/en\/wp-json\/wp\/v2\/media?parent=529"}],"curies":[{"name":"wp","href":"https:\/\/api.w.org\/{rel}","templated":true}]}}