{"id":506,"date":"2023-02-07T14:19:08","date_gmt":"2023-02-07T14:19:08","guid":{"rendered":"https:\/\/rowingparis-u19event.com\/?page_id=506"},"modified":"2023-02-07T15:05:41","modified_gmt":"2023-02-07T15:05:41","slug":"mentions-legales","status":"publish","type":"page","link":"https:\/\/rowingparis-u19event.com\/en\/mentions-legales\/","title":{"rendered":"Legal information"},"content":{"rendered":"<section class=\"u-clearfix u-palette-5-light-2 u-section-2\" id=\"sec-bcb5\">\n      <div class=\"u-clearfix u-sheet u-valign-middle u-sheet-1\">\n        <h1 class=\"u-text u-text-default u-text-1\"> Legal information<\/h1>\n        <p class=\"u-text u-text-default u-text-2\"><b>Propri\u00e9taire et directeur de publication&nbsp;: <\/b>Emmanuel COEZ <br><b>Head office<\/b> rowingparis-u19event.com,&nbsp; \u200b\u200bCosma route de Torcy - 77360 Vaires-sur-Marne <br><b> Phone<\/b>\n          <br>\n          <br><b>Be'com creation est le prestataire technique: <\/b>\n          <br><b>E-mail address<\/b> contact@becom-creation.fr <br><b>Webmaster :<\/b> Olivier Niclausse <br>\n          <span style=\"font-weight: 700;\">Head office<\/span> 89 boulevard du Mar\u00e9chal Juin - 78200 Mantes la Jolie<br><b> SIRET number<\/b> 87785232700015&nbsp;<br>\n          <br><b>Image credits<\/b>\n          <br> Photos :&nbsp;pixabay.com, freepik, O.Niclausse<br>\n          <br><b> Website host<\/b>&nbsp;:&nbsp;<a href=\"https:\/\/www.ovhcloud.com\/fr\/\" class=\"u-active-none u-border-none u-btn u-button-style u-hover-none u-none u-text-palette-1-base u-btn-1\">Ionos.fr<\/a>\n          <br>Hypertext links Hyperlinks may lead to sites other than the present site. this site.&nbsp;<br>\n          <br>\"rowingparis-u19event.com\" has no control over the content of the of the said sites and declines all responsibility in the event that this content contravenes the legal and regulatory provisions in force.<br>\n          <br>Intellectual property In accordance with the laws governing the ownership of literary and artistic rights or other similar rights, all elements, trademarks, names, photographs, drawings, models, logos, graphics, colour codes, etc. found on this site are the exclusive property of the entities concerned of \"rowingparis-u19event.com\" or of its partners or suppliers, who do not grant any licence or any other right than that of consulting the site.<br>\n          <br>The reproduction or use of all or part of these elements is only authorised for the exclusive purpose of information for personal and private use, any reproduction and any use of copies made for other purposes being expressly prohibited.<br>\n          <br>Any other use constitutes an infringement and is punishable under the Intellectual Property Act, except with the prior written authorisation of \" rowingparis-u19event.com \".&nbsp;<br>\n          <br>Personal information collected In France, personal data is protected by law n\u00b0 78-87 of 6 January 1978, law n\u00b0 2004-801 of 6 August 2004, article L. 226-13 of the Penal Code and the European Directive of 24 October 1995.&nbsp;<br>\n          <br>In any case \" rowingparis-u19event.com \" does not collect personal information \npersonal information about the user (name, e-mail address, telephone \ntelephone numbers) only for the purpose of the services offered by \" rowingparis-u19event.com \".<br>\n          <br>The user provides this information with full knowledge of the cause, in particular when they enter it themselves.<br>\n          <br>The user of the \"rowingparis-u19event.com\" website is then informed whether or not the information he or she is asked to provide is mandatory.<br>\n          <br>No personal information of the user of the \"rowingparis-u19event.com\" website is: collected without the user's knowledge; published without the user's knowledge; exchanged, transferred, ceded or sold on any medium to third parties.<br>\n          <br>Google Analytics\nThis website uses Google Analytics, a web analysis service provided by Google Inc. (\"Google\").<br>\n          <br>Google Analytics uses cookies, which are text files placed on your computer, to help the website analyze how users use the site.<br>\n          <br>The information generated by the cookie about your use of the website (including your IP address) will be transmitted to and stored by Google on servers in the United States.<br>Google will use this information for the purpose of evaluating your use of the website, compiling reports on website activity for website operators and providing other services relating to website activity and internet usage.<br>\n          <br>Google may also transfer this information to third parties where required to do so by law, or where such third parties process the information on Google's behalf.<br>\n          <br>You can disable the use of cookies by selecting the appropriate settings on your browser.\nHowever, such deactivation may prevent the use of certain features of this site.<br>However, such deactivation may prevent the use of certain features of this site.&nbsp;<br>\n          <br>By using this website, you consent to the processing of data about you by Google in the manner and for the purposes set out above.&nbsp; &nbsp; &nbsp; &nbsp; &nbsp; &nbsp; &nbsp; &nbsp; &nbsp; &nbsp; &nbsp; &nbsp; &nbsp; &nbsp; &nbsp; &nbsp; &nbsp; &nbsp; &nbsp; &nbsp; &nbsp; &nbsp; &nbsp;&nbsp; \n        <\/p>\n      <\/div>\n    <\/section>","protected":false},"excerpt":{"rendered":"<p>Mentions l\u00e9gales Propri\u00e9taire et directeur de publication&nbsp;: Emmanuel COEZ Si\u00e8ge social : rowingparis-u19event.com,&nbsp; \u200b\u200bCosma route de Torcy &#8211; 77360 Vaires-sur-Marne T\u00e9l\u00e9phone : Be&rsquo;com creation est le prestataire technique: Adresse \u00e9lectronique : contact@becom-creation.fr Webmaster : Olivier Niclausse Si\u00e8ge social : 89 boulevard du Mar\u00e9chal Juin &#8211; 78200 Mantes la Jolie Num\u00e9ro de SIRET : 87785232700015&nbsp; Cr\u00e9dits &hellip; <a href=\"https:\/\/rowingparis-u19event.com\/en\/mentions-legales\/\" class=\"more-link\">Continue reading<span class=\"screen-reader-text\"> \u00ab\u00a0Mentions l\u00e9gales\u00a0\u00bb<\/span><\/a><\/p>","protected":false},"author":1,"featured_media":0,"parent":0,"menu_order":0,"comment_status":"closed","ping_status":"closed","template":"","meta":{"footnotes":""},"class_list":["post-506","page","type-page","status-publish","hentry"],"yoast_head":"<!-- This site is optimized with the Yoast SEO plugin v27.4 - https:\/\/yoast.com\/product\/yoast-seo-wordpress\/ -->\n<title>Mentions l\u00e9gales - WRU19<\/title>\n<meta name=\"robots\" content=\"index, follow, max-snippet:-1, max-image-preview:large, max-video-preview:-1\" \/>\n<link rel=\"canonical\" href=\"https:\/\/rowingparis-u19event.com\/en\/mentions-legales\/\" \/>\n<meta property=\"og:locale\" content=\"en_US\" \/>\n<meta property=\"og:type\" content=\"article\" \/>\n<meta property=\"og:title\" content=\"Mentions l\u00e9gales - WRU19\" \/>\n<meta property=\"og:description\" content=\"Mentions l\u00e9gales Propri\u00e9taire et directeur de publication&nbsp;: Emmanuel COEZ Si\u00e8ge social : rowingparis-u19event.com,&nbsp; \u200b\u200bCosma route de Torcy - 77360 Vaires-sur-Marne T\u00e9l\u00e9phone : Be&#039;com creation est le prestataire technique: Adresse \u00e9lectronique : contact@becom-creation.fr Webmaster : Olivier Niclausse Si\u00e8ge social : 89 boulevard du Mar\u00e9chal Juin - 78200 Mantes la Jolie Num\u00e9ro de SIRET : 87785232700015&nbsp; Cr\u00e9dits &hellip; Continue reading &quot;Mentions l\u00e9gales&quot;\" \/>\n<meta property=\"og:url\" content=\"https:\/\/rowingparis-u19event.com\/en\/mentions-legales\/\" \/>\n<meta property=\"og:site_name\" content=\"WRU19\" \/>\n<meta property=\"article:modified_time\" content=\"2023-02-07T15:05:41+00:00\" \/>\n<meta name=\"twitter:card\" content=\"summary_large_image\" \/>\n<script type=\"application\/ld+json\" class=\"yoast-schema-graph\">{\"@context\":\"https:\\\/\\\/schema.org\",\"@graph\":[{\"@type\":\"WebPage\",\"@id\":\"https:\\\/\\\/rowingparis-u19event.com\\\/mentions-legales\\\/\",\"url\":\"https:\\\/\\\/rowingparis-u19event.com\\\/mentions-legales\\\/\",\"name\":\"Mentions l\u00e9gales - WRU19\",\"isPartOf\":{\"@id\":\"https:\\\/\\\/rowingparis-u19event.com\\\/#website\"},\"datePublished\":\"2023-02-07T14:19:08+00:00\",\"dateModified\":\"2023-02-07T15:05:41+00:00\",\"breadcrumb\":{\"@id\":\"https:\\\/\\\/rowingparis-u19event.com\\\/mentions-legales\\\/#breadcrumb\"},\"inLanguage\":\"en-US\",\"potentialAction\":[{\"@type\":\"ReadAction\",\"target\":[\"https:\\\/\\\/rowingparis-u19event.com\\\/mentions-legales\\\/\"]}]},{\"@type\":\"BreadcrumbList\",\"@id\":\"https:\\\/\\\/rowingparis-u19event.com\\\/mentions-legales\\\/#breadcrumb\",\"itemListElement\":[{\"@type\":\"ListItem\",\"position\":1,\"name\":\"Accueil\",\"item\":\"https:\\\/\\\/rowingparis-u19event.com\\\/\"},{\"@type\":\"ListItem\",\"position\":2,\"name\":\"Mentions l\u00e9gales\"}]},{\"@type\":\"WebSite\",\"@id\":\"https:\\\/\\\/rowingparis-u19event.com\\\/#website\",\"url\":\"https:\\\/\\\/rowingparis-u19event.com\\\/\",\"name\":\"WRU19\",\"description\":\"Champio\u200bnnats du Monde U19 Paris, du 2 au 6 ao&ucirc;t 2023\",\"publisher\":{\"@id\":\"https:\\\/\\\/rowingparis-u19event.com\\\/#organization\"},\"alternateName\":\"rowingparis-u19event.com\",\"potentialAction\":[{\"@type\":\"SearchAction\",\"target\":{\"@type\":\"EntryPoint\",\"urlTemplate\":\"https:\\\/\\\/rowingparis-u19event.com\\\/?s={search_term_string}\"},\"query-input\":{\"@type\":\"PropertyValueSpecification\",\"valueRequired\":true,\"valueName\":\"search_term_string\"}}],\"inLanguage\":\"en-US\"},{\"@type\":\"Organization\",\"@id\":\"https:\\\/\\\/rowingparis-u19event.com\\\/#organization\",\"name\":\"rowingparis-u19event.com\",\"url\":\"https:\\\/\\\/rowingparis-u19event.com\\\/\",\"logo\":{\"@type\":\"ImageObject\",\"inLanguage\":\"en-US\",\"@id\":\"https:\\\/\\\/rowingparis-u19event.com\\\/#\\\/schema\\\/logo\\\/image\\\/\",\"url\":\"https:\\\/\\\/rowingparis-u19event.com\\\/wp-content\\\/uploads\\\/2022\\\/10\\\/logo-w192-1.jpg\",\"contentUrl\":\"https:\\\/\\\/rowingparis-u19event.com\\\/wp-content\\\/uploads\\\/2022\\\/10\\\/logo-w192-1.jpg\",\"width\":256,\"height\":226,\"caption\":\"rowingparis-u19event.com\"},\"image\":{\"@id\":\"https:\\\/\\\/rowingparis-u19event.com\\\/#\\\/schema\\\/logo\\\/image\\\/\"}}]}<\/script>\n<!-- \/ Yoast SEO plugin. -->","yoast_head_json":{"title":"Mentions l\u00e9gales - WRU19","robots":{"index":"index","follow":"follow","max-snippet":"max-snippet:-1","max-image-preview":"max-image-preview:large","max-video-preview":"max-video-preview:-1"},"canonical":"https:\/\/rowingparis-u19event.com\/en\/mentions-legales\/","og_locale":"en_US","og_type":"article","og_title":"Mentions l\u00e9gales - WRU19","og_description":"Mentions l\u00e9gales Propri\u00e9taire et directeur de publication&nbsp;: Emmanuel COEZ Si\u00e8ge social : rowingparis-u19event.com,&nbsp; \u200b\u200bCosma route de Torcy - 77360 Vaires-sur-Marne T\u00e9l\u00e9phone : Be'com creation est le prestataire technique: Adresse \u00e9lectronique : contact@becom-creation.fr Webmaster : Olivier Niclausse Si\u00e8ge social : 89 boulevard du Mar\u00e9chal Juin - 78200 Mantes la Jolie Num\u00e9ro de SIRET : 87785232700015&nbsp; Cr\u00e9dits &hellip; Continue reading \"Mentions l\u00e9gales\"","og_url":"https:\/\/rowingparis-u19event.com\/en\/mentions-legales\/","og_site_name":"WRU19","article_modified_time":"2023-02-07T15:05:41+00:00","twitter_card":"summary_large_image","schema":{"@context":"https:\/\/schema.org","@graph":[{"@type":"WebPage","@id":"https:\/\/rowingparis-u19event.com\/mentions-legales\/","url":"https:\/\/rowingparis-u19event.com\/mentions-legales\/","name":"Mentions l\u00e9gales - WRU19","isPartOf":{"@id":"https:\/\/rowingparis-u19event.com\/#website"},"datePublished":"2023-02-07T14:19:08+00:00","dateModified":"2023-02-07T15:05:41+00:00","breadcrumb":{"@id":"https:\/\/rowingparis-u19event.com\/mentions-legales\/#breadcrumb"},"inLanguage":"en-US","potentialAction":[{"@type":"ReadAction","target":["https:\/\/rowingparis-u19event.com\/mentions-legales\/"]}]},{"@type":"BreadcrumbList","@id":"https:\/\/rowingparis-u19event.com\/mentions-legales\/#breadcrumb","itemListElement":[{"@type":"ListItem","position":1,"name":"Accueil","item":"https:\/\/rowingparis-u19event.com\/"},{"@type":"ListItem","position":2,"name":"Mentions l\u00e9gales"}]},{"@type":"WebSite","@id":"https:\/\/rowingparis-u19event.com\/#website","url":"https:\/\/rowingparis-u19event.com\/","name":"WRU19","description":"Champio\u200bnnats du Monde U19 Paris, du 2 au 6 ao&ucirc;t 2023","publisher":{"@id":"https:\/\/rowingparis-u19event.com\/#organization"},"alternateName":"rowingparis-u19event.com","potentialAction":[{"@type":"SearchAction","target":{"@type":"EntryPoint","urlTemplate":"https:\/\/rowingparis-u19event.com\/?s={search_term_string}"},"query-input":{"@type":"PropertyValueSpecification","valueRequired":true,"valueName":"search_term_string"}}],"inLanguage":"en-US"},{"@type":"Organization","@id":"https:\/\/rowingparis-u19event.com\/#organization","name":"rowingparis-u19event.com","url":"https:\/\/rowingparis-u19event.com\/","logo":{"@type":"ImageObject","inLanguage":"en-US","@id":"https:\/\/rowingparis-u19event.com\/#\/schema\/logo\/image\/","url":"https:\/\/rowingparis-u19event.com\/wp-content\/uploads\/2022\/10\/logo-w192-1.jpg","contentUrl":"https:\/\/rowingparis-u19event.com\/wp-content\/uploads\/2022\/10\/logo-w192-1.jpg","width":256,"height":226,"caption":"rowingparis-u19event.com"},"image":{"@id":"https:\/\/rowingparis-u19event.com\/#\/schema\/logo\/image\/"}}]}},"_links":{"self":[{"href":"https:\/\/rowingparis-u19event.com\/en\/wp-json\/wp\/v2\/pages\/506","targetHints":{"allow":["GET"]}}],"collection":[{"href":"https:\/\/rowingparis-u19event.com\/en\/wp-json\/wp\/v2\/pages"}],"about":[{"href":"https:\/\/rowingparis-u19event.com\/en\/wp-json\/wp\/v2\/types\/page"}],"author":[{"embeddable":true,"href":"https:\/\/rowingparis-u19event.com\/en\/wp-json\/wp\/v2\/users\/1"}],"replies":[{"embeddable":true,"href":"https:\/\/rowingparis-u19event.com\/en\/wp-json\/wp\/v2\/comments?post=506"}],"version-history":[{"count":4,"href":"https:\/\/rowingparis-u19event.com\/en\/wp-json\/wp\/v2\/pages\/506\/revisions"}],"predecessor-version":[{"id":513,"href":"https:\/\/rowingparis-u19event.com\/en\/wp-json\/wp\/v2\/pages\/506\/revisions\/513"}],"wp:attachment":[{"href":"https:\/\/rowingparis-u19event.com\/en\/wp-json\/wp\/v2\/media?parent=506"}],"curies":[{"name":"wp","href":"https:\/\/api.w.org\/{rel}","templated":true}]}}