{"id":108,"date":"2022-10-21T16:32:43","date_gmt":"2022-10-21T16:32:43","guid":{"rendered":"https:\/\/rowingparis-u19event.com\/transport\/"},"modified":"2022-12-20T18:32:12","modified_gmt":"2022-12-20T18:32:12","slug":"transport","status":"publish","type":"page","link":"https:\/\/rowingparis-u19event.com\/en\/transport\/","title":{"rendered":"Transport"},"content":{"rendered":"<section class=\"u-align-center u-clearfix u-image u-shading u-section-2\" id=\"sec-8f3a\" data-image-width=\"1920\" data-image-height=\"418\" style=\"background-image: linear-gradient(0deg, rgba(6, 68, 120, 0.5), rgba(6, 68, 120, 0.5)), url(&quot;https:\/\/rowingparis-u19event.com\/wp-content\/uploads\/2022\/10\/cielgris.jpg&quot;);\">\n      <div class=\"u-clearfix u-sheet u-valign-middle u-sheet-1\">\n        <h1 class=\"u-align-left u-custom-font u-font-roboto u-text u-text-body-alt-color u-text-default u-text-1\">transportS<\/h1>\n      <\/div>\n    <\/section>\n    <section class=\"skrollable u-align-right u-clearfix u-image u-parallax u-shading u-section-3\" id=\"carousel_d054\" data-image-width=\"1280\" data-image-height=\"821\" style=\"background-image: linear-gradient(0deg, rgba(0, 173, 233, 0.6), rgba(0, 173, 233, 0.6)), url(&quot;https:\/\/rowingparis-u19event.com\/wp-content\/uploads\/2022\/10\/54ff4d5d4639be85a1edca5de659f44c34d4da4f9d3ebdba42fc8ded4b8f482f1b62a1d31c83e6997281afc93386fa11eb77a416d82327cba2a3e0_1280.jpg&quot;);\">\n      <div class=\"u-clearfix u-sheet u-sheet-1\">\n        <div class=\"u-clearfix u-custom-color-22 u-expanded-width-md u-expanded-width-sm u-expanded-width-xs u-gutter-0 u-layout-wrap u-layout-wrap-1\">\n          <div class=\"u-layout\">\n            <div class=\"u-layout-row\">\n              <div class=\"u-align-justify u-container-style u-layout-cell u-size-20 u-layout-cell-1\">\n                <div class=\"u-container-layout u-container-layout-1\">\n                  <p class=\"u-custom-font u-font-roboto u-text u-text-default u-text-1\"> The development of the \u00cele-de-France Region\nand Seine-et-Marne saw the construction\nof roads serving the regatta course in\nVaires-sur-Marne.<br>The main airports Paris-Charles-de-Gaulle\n(24 km), Orly (36 km) and Paris-Beauvais\n(107 km) can be accessed via motorways,\n                  <\/p>\n                <\/div>\n              <\/div>\n              <div class=\"u-align-justify u-container-style u-layout-cell u-size-20 u-layout-cell-2\">\n                <div class=\"u-container-layout u-container-layout-2\">\n                  <p class=\"u-custom-font u-font-roboto u-text u-text-default u-text-2\"> which also lead to the heart of Paris in less\nthan 30 minutes.<br>SNCF trains departing from Paris Gare de l'Est reach the Vaires-Torcy station near the competition area.\nThe interconnection at the Marne-la-Vall\u00e9e TGV station allows the national and international high-speed network.\n                  <\/p>\n                <\/div>\n              <\/div>\n              <div class=\"u-align-justify u-container-style u-layout-cell u-size-20 u-layout-cell-3\">\n                <div class=\"u-container-layout u-container-layout-3\">\n                  <p class=\"u-custom-font u-font-roboto u-text u-text-default u-text-3\"> Furthermore, the regatta course is\nlocated next to the Vaires-Torcy station\nwith trains going to Paris-Est station but\nalso next to the Marne-la-Vall\u00e9e TGV\nstation connecting the course to the\nnational and international high-speed\nnetwork.<\/p>\n                <\/div>\n              <\/div>\n            <\/div>\n          <\/div>\n        <\/div>\n      <\/div>\n    <\/section>\n    <section class=\"u-align-center u-clearfix u-custom-color-6 u-section-4\" id=\"carousel_90e8\">\n      <div class=\"u-clearfix u-sheet u-valign-middle-lg u-valign-middle-md u-valign-middle-sm u-valign-middle-xl u-sheet-1\">\n        <h1 class=\"u-custom-font u-font-roboto u-text u-text-default-lg u-text-default-md u-text-default-sm u-text-default-xl u-text-1\"> AIRPORTS, TRAIN STATIONS AND SHUTTLES <br>\n        <\/h1>\n      <\/div>\n    <\/section>\n    <section class=\"u-clearfix u-custom-color-10 u-section-5\" id=\"carousel_ade6\">\n      <div class=\"u-clearfix u-sheet u-valign-middle u-sheet-1\">\n        <div class=\"u-clearfix u-expanded-width u-gutter-16 u-layout-wrap u-layout-wrap-1\">\n          <div class=\"u-layout\">\n            <div class=\"u-layout-col\">\n              <div class=\"u-size-60\">\n                <div class=\"u-layout-row\">\n                  <div class=\"u-container-style u-layout-cell u-size-60 u-layout-cell-1\">\n                    <div class=\"u-container-layout u-container-layout-1\">\n                      <div class=\"u-shortcode u-shortcode-1\"><\/div>\n                    <\/div>\n                  <\/div>\n                <\/div>\n              <\/div>\n            <\/div>\n          <\/div>\n        <\/div>\n      <\/div>\n    <\/section>\n    <section class=\"u-align-center u-clearfix u-image u-shading u-section-6\" id=\"carousel_9123\" data-image-width=\"1920\" data-image-height=\"1280\" style=\"background-image: linear-gradient(0deg, rgba(0, 0, 0, 0.15), rgba(0, 0, 0, 0.15)), url(&quot;https:\/\/rowingparis-u19event.com\/wp-content\/uploads\/2022\/10\/Photo-9-copie.jpg&quot;);\">\n      <div class=\"u-clearfix u-sheet u-valign-middle u-sheet-1\">\n        <div class=\"u-expanded-width-xs u-tab-links-align-justify u-tabs u-tabs-1\">\n          <ul class=\"u-spacing-10 u-tab-list u-unstyled\" role=\"tablist\">\n            <li class=\"u-tab-item\" role=\"presentation\">\n              <a class=\"active u-active-custom-color-6 u-button-style u-custom-font u-font-roboto u-grey-5 u-radius-5 u-tab-link u-text-active-white u-text-custom-color-7 u-text-hover-grey-75 u-tab-link-1\" id=\"link-tab-2917\" href=\"#tab-2917\" role=\"tab\" aria-controls=\"tab-2917\" aria-selected=\"true\"> AIRPORT\/STATION<br>TRANSPORT \n              <\/a>\n            <\/li>\n            <li class=\"u-tab-item\" role=\"presentation\">\n              <a class=\"u-active-custom-color-6 u-button-style u-custom-font u-font-roboto u-grey-5 u-radius-5 u-tab-link u-text-active-white u-text-custom-color-7 u-text-hover-grey-75 u-tab-link-2\" id=\"link-tab-14b7\" href=\"#tab-14b7\" role=\"tab\" aria-controls=\"tab-14b7\" aria-selected=\"false\"> SHUTTLE SERVICE<br>HOTELS  REGATTA COURSE \n              <\/a>\n            <\/li>\n            <li class=\"u-tab-item\" role=\"presentation\">\n              <a class=\"u-active-custom-color-6 u-button-style u-custom-font u-font-roboto u-grey-5 u-radius-5 u-tab-link u-text-active-white u-text-custom-color-7 u-text-hover-grey-75 u-tab-link-3\" id=\"link-tab-d2b0\" href=\"#tab-d2b0\" role=\"tab\" aria-controls=\"tab-d2b0\" aria-selected=\"false\">\n                <font><b>LIMITATION DECREE<br>OF BUS TRAFFIC<\/b>\n                <\/font>\n              <\/a>\n            <\/li>\n          <\/ul>\n          <div class=\"u-tab-content\">\n            <div class=\"u-align-left u-container-style u-grey-90 u-opacity u-opacity-50 u-tab-active u-tab-pane u-tab-pane-1\" id=\"tab-2917\" role=\"tabpanel\" aria-labelledby=\"link-tab-2917\">\n              <div class=\"u-container-layout u-valign-top-xl u-container-layout-1\">\n                <p class=\"u-text u-text-1\"> Transport to and from airports (Charles-de-Gaulle, Orly) and\nParis train stations (intramural + Marne-la-Vall\u00e9e Chessy) will be organized for teams having booked accommodation packages\nvia the Organizing Committee, within the limit of one round trip per team.\nFinal travel information must be emailed no later than June 30, 2023 to <a href=\"mailto:transports@rowingparis-event.com\" class=\"u-active-none u-border-none u-btn u-button-link u-button-style u-hover-none u-none u-text-palette-4-base u-btn-1\">transports@rowingparis-event.com<\/a>&nbsp; \n                <\/p>\n              <\/div>\n            <\/div>\n            <div class=\"u-align-left u-container-style u-grey-90 u-opacity u-opacity-50 u-tab-pane u-tab-pane-2\" id=\"tab-14b7\" role=\"tabpanel\" aria-labelledby=\"link-tab-14b7\">\n              <div class=\"u-container-layout u-valign-top-xl u-container-layout-2\">\n                <p class=\"u-text u-text-2\"> Bus shuttles will be available for teams between the hotels and the regatta course from Sunday July 30 to Sunday August 6, 2023.<br>This service is made for teams who have booked accommodation packages via the Organizing Committee within the limit of 2 return trips\nper day. If transport is needed before July 30, requests must be made by email no later than June 30, 2023 to <a href=\"mailto:accommodations@rowingparis-event.com\" class=\"u-active-none u-border-none u-btn u-button-link u-button-style u-hover-none u-none u-text-palette-4-base u-btn-2\">accommodations@rowingparis-event.com<\/a>\n                <\/p>\n              <\/div>\n            <\/div>\n            <div class=\"u-align-left u-container-style u-grey-90 u-opacity u-opacity-50 u-tab-pane u-tab-pane-3\" id=\"tab-d2b0\" role=\"tabpanel\" aria-labelledby=\"link-tab-d2b0\">\n              <div class=\"u-container-layout u-valign-top-xl u-container-layout-3\">\n                <p class=\"u-text u-text-3\">\n                  <font>\n                    <font>On Saturdays, July 29 and August 5, 2023, a\nministerial decree will prohibit the circulation\nof coaches carrying persons&nbsp;<\/font>\n                    <font>under 18 years of age (including those accompanied by adults) on French territory.<\/font>\n                    <br>\n                    <font>\n                      <font>No delegation will be allowed to travel by\ncoach on those two days on French territory,<\/font>from their country of origin to the\nChampionships, or from the Championships\nto their country of origin.\n                    <\/font>\n                    <br>\n                    <font>Shuttles from airports, train stations, hotels\nto the basin are not affected by this decree.<\/font>\n                  <\/font>\n                <\/p>\n              <\/div>\n            <\/div>\n          <\/div>\n        <\/div>\n      <\/div>\n    <\/section>","protected":false},"excerpt":{"rendered":"<p>transportS Le d\u00e9veloppement de la r\u00e9gion parisienne et de la Seine-et-Marne s\u2019est assorti de la r\u00e9alisation de nouvelles voies d\u2019acc\u00e8s desservant le bassin de Vaires-sur-Marne.Les acc\u00e8s aux a\u00e9roports de Paris-Charles-de-Gaulle \u00e0 24 km, ou d\u2019Orly \u00e0 36 km, ou de Paris-Beauvais \u00e0 107 km se font sur autoroutes. Une autoroute m\u00e8ne au c\u0153ur de Paris &hellip; <a href=\"https:\/\/rowingparis-u19event.com\/en\/transport\/\" class=\"more-link\">Continue reading<span class=\"screen-reader-text\"> \u00ab\u00a0Transport\u00a0\u00bb<\/span><\/a><\/p>","protected":false},"author":1,"featured_media":0,"parent":0,"menu_order":15,"comment_status":"closed","ping_status":"closed","template":"","meta":{"footnotes":""},"class_list":["post-108","page","type-page","status-publish","hentry"],"yoast_head":"<!-- This site is optimized with the Yoast SEO plugin v27.4 - https:\/\/yoast.com\/product\/yoast-seo-wordpress\/ -->\n<title>Transport - WRU19<\/title>\n<meta name=\"robots\" content=\"index, follow, max-snippet:-1, max-image-preview:large, max-video-preview:-1\" \/>\n<link rel=\"canonical\" href=\"https:\/\/rowingparis-u19event.com\/en\/transport\/\" \/>\n<meta property=\"og:locale\" content=\"en_US\" \/>\n<meta property=\"og:type\" content=\"article\" \/>\n<meta property=\"og:title\" content=\"Transport - WRU19\" \/>\n<meta property=\"og:description\" content=\"transportS Le d\u00e9veloppement de la r\u00e9gion parisienne et de la Seine-et-Marne s\u2019est assorti de la r\u00e9alisation de nouvelles voies d\u2019acc\u00e8s desservant le bassin de Vaires-sur-Marne.Les acc\u00e8s aux a\u00e9roports de Paris-Charles-de-Gaulle \u00e0 24 km, ou d\u2019Orly \u00e0 36 km, ou de Paris-Beauvais \u00e0 107 km se font sur autoroutes. Une autoroute m\u00e8ne au c\u0153ur de Paris &hellip; Continue reading &quot;Transport&quot;\" \/>\n<meta property=\"og:url\" content=\"https:\/\/rowingparis-u19event.com\/en\/transport\/\" \/>\n<meta property=\"og:site_name\" content=\"WRU19\" \/>\n<meta property=\"article:modified_time\" content=\"2022-12-20T18:32:12+00:00\" \/>\n<meta name=\"twitter:card\" content=\"summary_large_image\" \/>\n<meta name=\"twitter:label1\" content=\"Est. reading time\" \/>\n\t<meta name=\"twitter:data1\" content=\"2 minutes\" \/>\n<script type=\"application\/ld+json\" class=\"yoast-schema-graph\">{\"@context\":\"https:\\\/\\\/schema.org\",\"@graph\":[{\"@type\":\"WebPage\",\"@id\":\"https:\\\/\\\/rowingparis-u19event.com\\\/transport\\\/\",\"url\":\"https:\\\/\\\/rowingparis-u19event.com\\\/transport\\\/\",\"name\":\"Transport - WRU19\",\"isPartOf\":{\"@id\":\"https:\\\/\\\/rowingparis-u19event.com\\\/#website\"},\"datePublished\":\"2022-10-21T16:32:43+00:00\",\"dateModified\":\"2022-12-20T18:32:12+00:00\",\"breadcrumb\":{\"@id\":\"https:\\\/\\\/rowingparis-u19event.com\\\/transport\\\/#breadcrumb\"},\"inLanguage\":\"en-US\",\"potentialAction\":[{\"@type\":\"ReadAction\",\"target\":[\"https:\\\/\\\/rowingparis-u19event.com\\\/transport\\\/\"]}]},{\"@type\":\"BreadcrumbList\",\"@id\":\"https:\\\/\\\/rowingparis-u19event.com\\\/transport\\\/#breadcrumb\",\"itemListElement\":[{\"@type\":\"ListItem\",\"position\":1,\"name\":\"Accueil\",\"item\":\"https:\\\/\\\/rowingparis-u19event.com\\\/\"},{\"@type\":\"ListItem\",\"position\":2,\"name\":\"Transport\"}]},{\"@type\":\"WebSite\",\"@id\":\"https:\\\/\\\/rowingparis-u19event.com\\\/#website\",\"url\":\"https:\\\/\\\/rowingparis-u19event.com\\\/\",\"name\":\"WRU19\",\"description\":\"Champio\u200bnnats du Monde U19 Paris, du 2 au 6 ao&ucirc;t 2023\",\"publisher\":{\"@id\":\"https:\\\/\\\/rowingparis-u19event.com\\\/#organization\"},\"alternateName\":\"rowingparis-u19event.com\",\"potentialAction\":[{\"@type\":\"SearchAction\",\"target\":{\"@type\":\"EntryPoint\",\"urlTemplate\":\"https:\\\/\\\/rowingparis-u19event.com\\\/?s={search_term_string}\"},\"query-input\":{\"@type\":\"PropertyValueSpecification\",\"valueRequired\":true,\"valueName\":\"search_term_string\"}}],\"inLanguage\":\"en-US\"},{\"@type\":\"Organization\",\"@id\":\"https:\\\/\\\/rowingparis-u19event.com\\\/#organization\",\"name\":\"rowingparis-u19event.com\",\"url\":\"https:\\\/\\\/rowingparis-u19event.com\\\/\",\"logo\":{\"@type\":\"ImageObject\",\"inLanguage\":\"en-US\",\"@id\":\"https:\\\/\\\/rowingparis-u19event.com\\\/#\\\/schema\\\/logo\\\/image\\\/\",\"url\":\"https:\\\/\\\/rowingparis-u19event.com\\\/wp-content\\\/uploads\\\/2022\\\/10\\\/logo-w192-1.jpg\",\"contentUrl\":\"https:\\\/\\\/rowingparis-u19event.com\\\/wp-content\\\/uploads\\\/2022\\\/10\\\/logo-w192-1.jpg\",\"width\":256,\"height\":226,\"caption\":\"rowingparis-u19event.com\"},\"image\":{\"@id\":\"https:\\\/\\\/rowingparis-u19event.com\\\/#\\\/schema\\\/logo\\\/image\\\/\"}}]}<\/script>\n<!-- \/ Yoast SEO plugin. -->","yoast_head_json":{"title":"Transport - WRU19","robots":{"index":"index","follow":"follow","max-snippet":"max-snippet:-1","max-image-preview":"max-image-preview:large","max-video-preview":"max-video-preview:-1"},"canonical":"https:\/\/rowingparis-u19event.com\/en\/transport\/","og_locale":"en_US","og_type":"article","og_title":"Transport - WRU19","og_description":"transportS Le d\u00e9veloppement de la r\u00e9gion parisienne et de la Seine-et-Marne s\u2019est assorti de la r\u00e9alisation de nouvelles voies d\u2019acc\u00e8s desservant le bassin de Vaires-sur-Marne.Les acc\u00e8s aux a\u00e9roports de Paris-Charles-de-Gaulle \u00e0 24 km, ou d\u2019Orly \u00e0 36 km, ou de Paris-Beauvais \u00e0 107 km se font sur autoroutes. Une autoroute m\u00e8ne au c\u0153ur de Paris &hellip; Continue reading \"Transport\"","og_url":"https:\/\/rowingparis-u19event.com\/en\/transport\/","og_site_name":"WRU19","article_modified_time":"2022-12-20T18:32:12+00:00","twitter_card":"summary_large_image","twitter_misc":{"Est. reading time":"2 minutes"},"schema":{"@context":"https:\/\/schema.org","@graph":[{"@type":"WebPage","@id":"https:\/\/rowingparis-u19event.com\/transport\/","url":"https:\/\/rowingparis-u19event.com\/transport\/","name":"Transport - WRU19","isPartOf":{"@id":"https:\/\/rowingparis-u19event.com\/#website"},"datePublished":"2022-10-21T16:32:43+00:00","dateModified":"2022-12-20T18:32:12+00:00","breadcrumb":{"@id":"https:\/\/rowingparis-u19event.com\/transport\/#breadcrumb"},"inLanguage":"en-US","potentialAction":[{"@type":"ReadAction","target":["https:\/\/rowingparis-u19event.com\/transport\/"]}]},{"@type":"BreadcrumbList","@id":"https:\/\/rowingparis-u19event.com\/transport\/#breadcrumb","itemListElement":[{"@type":"ListItem","position":1,"name":"Accueil","item":"https:\/\/rowingparis-u19event.com\/"},{"@type":"ListItem","position":2,"name":"Transport"}]},{"@type":"WebSite","@id":"https:\/\/rowingparis-u19event.com\/#website","url":"https:\/\/rowingparis-u19event.com\/","name":"WRU19","description":"Champio\u200bnnats du Monde U19 Paris, du 2 au 6 ao&ucirc;t 2023","publisher":{"@id":"https:\/\/rowingparis-u19event.com\/#organization"},"alternateName":"rowingparis-u19event.com","potentialAction":[{"@type":"SearchAction","target":{"@type":"EntryPoint","urlTemplate":"https:\/\/rowingparis-u19event.com\/?s={search_term_string}"},"query-input":{"@type":"PropertyValueSpecification","valueRequired":true,"valueName":"search_term_string"}}],"inLanguage":"en-US"},{"@type":"Organization","@id":"https:\/\/rowingparis-u19event.com\/#organization","name":"rowingparis-u19event.com","url":"https:\/\/rowingparis-u19event.com\/","logo":{"@type":"ImageObject","inLanguage":"en-US","@id":"https:\/\/rowingparis-u19event.com\/#\/schema\/logo\/image\/","url":"https:\/\/rowingparis-u19event.com\/wp-content\/uploads\/2022\/10\/logo-w192-1.jpg","contentUrl":"https:\/\/rowingparis-u19event.com\/wp-content\/uploads\/2022\/10\/logo-w192-1.jpg","width":256,"height":226,"caption":"rowingparis-u19event.com"},"image":{"@id":"https:\/\/rowingparis-u19event.com\/#\/schema\/logo\/image\/"}}]}},"_links":{"self":[{"href":"https:\/\/rowingparis-u19event.com\/en\/wp-json\/wp\/v2\/pages\/108","targetHints":{"allow":["GET"]}}],"collection":[{"href":"https:\/\/rowingparis-u19event.com\/en\/wp-json\/wp\/v2\/pages"}],"about":[{"href":"https:\/\/rowingparis-u19event.com\/en\/wp-json\/wp\/v2\/types\/page"}],"author":[{"embeddable":true,"href":"https:\/\/rowingparis-u19event.com\/en\/wp-json\/wp\/v2\/users\/1"}],"replies":[{"embeddable":true,"href":"https:\/\/rowingparis-u19event.com\/en\/wp-json\/wp\/v2\/comments?post=108"}],"version-history":[{"count":13,"href":"https:\/\/rowingparis-u19event.com\/en\/wp-json\/wp\/v2\/pages\/108\/revisions"}],"predecessor-version":[{"id":405,"href":"https:\/\/rowingparis-u19event.com\/en\/wp-json\/wp\/v2\/pages\/108\/revisions\/405"}],"wp:attachment":[{"href":"https:\/\/rowingparis-u19event.com\/en\/wp-json\/wp\/v2\/media?parent=108"}],"curies":[{"name":"wp","href":"https:\/\/api.w.org\/{rel}","templated":true}]}}