{"id":107,"date":"2022-10-21T16:32:42","date_gmt":"2022-10-21T16:32:42","guid":{"rendered":"https:\/\/rowingparis-u19event.com\/hebergement\/"},"modified":"2023-02-15T11:20:27","modified_gmt":"2023-02-15T11:20:27","slug":"hebergement","status":"publish","type":"page","link":"https:\/\/rowingparis-u19event.com\/en\/hebergement\/","title":{"rendered":"Hebergement"},"content":{"rendered":"<section class=\"u-align-center u-clearfix u-image u-shading lazyload u-section-2\" id=\"sec-0560\" data-image-width=\"1920\" data-image-height=\"418\" data-bg=\"url('https:\/\/rowingparis-u19event.com\/wp-content\/uploads\/2022\/10\/cielgris.jpg')\">\n      <div class=\"u-clearfix u-sheet u-valign-middle u-sheet-1\">\n        <h1 class=\"u-align-left u-custom-font u-font-montserrat u-text u-text-body-alt-color u-text-default u-text-1\"> ACCOMMODATION<br>DATES &amp; DEADLINES<br>RESERVATION &amp; PAYMENT\n        <\/h1>\n      <\/div>\n    <\/section>\n    <section class=\"u-carousel u-slide u-valign-middle u-block-f431-1\" id=\"carousel_f752\" data-interval=\"5000\" data-u-ride=\"carousel\">\n      <ol class=\"u-absolute-hcenter u-carousel-indicators u-block-f431-2\">\n        <li data-u-target=\"#carousel_f752\" class=\"u-active u-grey-30 u-shape-circle\" data-u-slide-to=\"0\" style=\"width: 10px; height: 10px;\"><\/li>\n        <li data-u-target=\"#carousel_f752\" class=\"u-grey-30 u-shape-circle\" style=\"width: 10px; height: 10px;\" data-u-slide-to=\"1\"><\/li>\n      <\/ol>\n      <div class=\"u-carousel-inner\" role=\"listbox\">\n        <div class=\"u-active u-align-left u-carousel-item u-clearfix u-palette-5-light-3 u-section-3-1\">\n          <div class=\"u-clearfix u-sheet u-valign-middle u-sheet-1\">\n            <div class=\"u-clearfix u-expanded-width u-layout-wrap u-layout-wrap-1\">\n              <div class=\"u-layout\">\n                <div class=\"u-layout-row\">\n                  <div class=\"u-align-justify u-container-style u-image u-layout-cell u-shape-rectangle u-size-27 lazyload u-image-1\" data-image-width=\"1920\" data-image-height=\"1697\" data-bg=\"url(&quot;https:\/\/rowingparis-u19event.com\/wp-content\/uploads\/2022\/10\/ramesfr.jpg&quot;)\">\n                    <div class=\"u-container-layout u-valign-middle-md u-valign-middle-sm u-valign-middle-xs u-container-layout-1\"><\/div>\n                  <\/div>\n                  <div class=\"u-align-left u-container-style u-layout-cell u-shape-rectangle u-size-33 u-layout-cell-2\">\n                    <div class=\"u-container-layout u-container-layout-2\">\n                      <h6 class=\"u-custom-font u-font-roboto u-text u-text-palette-5-dark-1 u-text-1\"> ACCOMMODATION<br>DATES &amp; DEADLINES<br>RESERVATION &amp; PAYMENT\n                      <\/h6>\n                      <h3 class=\"u-custom-font u-font-montserrat u-text u-text-custom-color-2 u-text-2\"><b>RESERVATION &amp; PAYMENT<\/b>\n                      <\/h3>\n                      <p class=\"u-custom-font u-font-roboto u-text u-text-3\"><b>\n                          <span class=\"u-text-custom-color-2\">Before September 30, 2022 :<\/span><\/b>\n                        <span style=\"font-weight: 700;\">\n                          <br>\n                          <span style=\"font-weight: 400;\"> reservation with payment of a 10% deposit for confirmation&nbsp; <\/span>\n                        <\/span>\n                        <br><b>\n                          <span class=\"u-text-custom-color-2\">Before December 15, 2022 :<\/span><\/b>&nbsp; <span style=\"font-weight: 700;\">\n                          <br>\n                          <span style=\"font-weight: 400;\"> 40% of the full amount due (10% deposit plus instalment of 30%)<\/span>\n                        <\/span>\n                        <br><b>\n                          <span class=\"u-text-custom-color-2\">Before March 15, 2023 :<\/span><\/b>&nbsp; <span style=\"font-weight: 700;\">\n                          <br>\n                          <span style=\"font-weight: 400;\"> 70% of the full amount due (next instalment of 30%)<\/span>\n                        <\/span>\n                        <br>\n                        <span class=\"u-text-custom-color-2\"><b>Before May 15, 2023 : <\/b>\n                        <\/span>\n                        <span style=\"font-weight: 700;\">\n                          <br>\n                          <span style=\"font-weight: 400;\">\n                            <font>Remaining balance due (final instalment of 30%)<\/font>\n                          <\/span>\n                        <\/span>\n                        <span style=\"font-weight: 700;\">\n                          <br>\n                          <span class=\"u-text-custom-color-2\">\n                            <br><b>Please send your request before September, 30 at&nbsp;<\/b><b>:<\/b>\n                          <\/span>\n                          <span style=\"font-weight: 700;\" class=\"u-text-custom-color-2\">\n                            <a href=\"mailto:accommodations@rowingparis-event.com\" class=\"u-active-none u-border-none u-btn u-button-link u-button-style u-hover-none u-none u-text-palette-1-base u-btn-1\"> accommodations@rowingparis-event.com<\/a>: \n                          <\/span>\n                        <\/span>\n                        <br>- hotel category <br>- \u200bnumber and type of room <br>- \u200barrival date <br>- \u200bdeparture date <br>- special requests\n                      <\/p>\n                    <\/div>\n                  <\/div>\n                <\/div>\n              <\/div>\n            <\/div>\n          <\/div>\n        <\/div>\n        <div class=\"u-align-left u-carousel-item u-clearfix u-palette-5-light-3 u-section-3-2\">\n          <div class=\"u-clearfix u-sheet u-valign-middle u-sheet-1\">\n            <div class=\"u-clearfix u-expanded-width u-layout-wrap u-layout-wrap-1\">\n              <div class=\"u-layout\">\n                <div class=\"u-layout-row\">\n                  <div class=\"u-align-left u-container-style u-layout-cell u-shape-rectangle u-size-33 u-layout-cell-1\">\n                    <div class=\"u-container-layout u-container-layout-1\">\n                      <h6 class=\"u-custom-font u-font-roboto u-text u-text-palette-5-dark-1 u-text-1\"> ACCOMMODATION<br>DATES &amp; DEADLINES<br>RESERVATION &amp; PAYMENT\n                      <\/h6>\n                      <h3 class=\"u-custom-font u-font-montserrat u-text u-text-custom-color-2 u-text-2\"> MODIFICATION\/CANCELLATION<\/h3>\n                      <p class=\"u-custom-font u-font-roboto u-text u-text-3\">\n                        <span style=\"font-weight: 700;\" class=\"u-text-custom-color-2\"><\/span>\n                        <font><\/font>\n                        <font><\/font>\n                      <\/p>\n                      <p class=\"u-custom-font u-font-roboto u-text u-text-4\">\n                        <font><b>\n                            <span class=\"u-text-custom-color-2\">Until September 30, 2022<br>\n                            <\/span><\/b>modification authorized \/ full refund\n                        <\/font>\n                        <br>\n                        <font><b>\n                            <span class=\"u-text-custom-color-2\">Until May 14, 2023<\/span>\n                            <br><\/b>modification authorized \/ maximum refund \n                        <\/font>\n                        <font>de&nbsp;<\/font>of 50% of the amount paid <br>\n                        <font>\n                          <span class=\"u-text-custom-color-2\"><b>From May 15, 2023<br><\/b>\n                          <\/span>no refund in the event of total&nbsp;\n                        <\/font>\n                        <br>\n                        <font>or partial cancellation of the reservation<\/font>\n                      <\/p>\n                    <\/div>\n                  <\/div>\n                  <div class=\"u-align-justify u-container-style u-image u-layout-cell u-shading u-size-27 lazyload u-image-1\" data-image-width=\"1280\" data-image-height=\"854\" data-bg=\"url('https:\/\/rowingparis-u19event.com\/wp-content\/uploads\/2022\/10\/85b0f961faafedb775a9f5e7c4cb49064b045217880a8aa5d2a5b37cac28a4c266966107ce55cde1c7154ad95085387cc9391abafde6fce9d06536_1280.jpg')\">\n                    <div class=\"u-container-layout u-container-layout-2\">\n                      <p class=\"u-custom-font u-font-roboto u-text u-text-5\">\n                        <font>In the case of unforeseen events leading to a cancellation\nof the<\/font>\n                        <font>event <\/font>\n                        <font>(for example, pandemic or as a result of the\ngeopolitical situation) <\/font>\n                        <font>the OC will reimburse 80% of the total amount of the accommodation booking to the teams <\/font>\n                        <font>as soon as possible.<\/font>\n                      <\/p>\n                    <\/div>\n                  <\/div>\n                <\/div>\n              <\/div>\n            <\/div>\n          <\/div>\n        <\/div>\n      <\/div>\n      <a class=\"u-absolute-vcenter u-carousel-control u-carousel-control-prev u-text-grey-30 u-block-f431-3\" href=\"#carousel_f752\" role=\"button\" data-u-slide=\"prev\">\n        <span aria-hidden=\"true\">\n          <svg class=\"u-svg-link\" viewbox=\"0 0 477.175 477.175\"><path d=\"M145.188,238.575l215.5-215.5c5.3-5.3,5.3-13.8,0-19.1s-13.8-5.3-19.1,0l-225.1,225.1c-5.3,5.3-5.3,13.8,0,19.1l225.1,225                    c2.6,2.6,6.1,4,9.5,4s6.9-1.3,9.5-4c5.3-5.3,5.3-13.8,0-19.1L145.188,238.575z\"><\/path><\/svg>\n        <\/span>\n        <span class=\"sr-only\">Previous<\/span>\n      <\/a>\n      <a class=\"u-absolute-vcenter u-carousel-control u-carousel-control-next u-text-grey-30 u-block-f431-4\" href=\"#carousel_f752\" role=\"button\" data-u-slide=\"next\">\n        <span aria-hidden=\"true\">\n          <svg class=\"u-svg-link\" viewbox=\"0 0 477.175 477.175\"><path d=\"M360.731,229.075l-225.1-225.1c-5.3-5.3-13.8-5.3-19.1,0s-5.3,13.8,0,19.1l215.5,215.5l-215.5,215.5                    c-5.3,5.3-5.3,13.8,0,19.1c2.6,2.6,6.1,4,9.5,4c3.4,0,6.9-1.3,9.5-4l225.1-225.1C365.931,242.875,365.931,234.275,360.731,229.075z\"><\/path><\/svg>\n        <\/span>\n        <span class=\"sr-only\">Suivant<\/span>\n      <\/a>\n    <\/section>\n    <section class=\"u-clearfix u-gradient u-section-4\" id=\"sec-f969\">\n      <div class=\"u-align-left u-clearfix u-sheet u-sheet-1\">\n        <h1 class=\"u-align-center u-custom-font u-font-roboto u-text u-text-white u-text-1\"> Accommodation map and prices<\/h1>\n        <div class=\"u-clearfix u-custom-html u-expanded-width u-custom-html-1\">\n          <iframe loading=\"lazy\" src=\"https:\/\/www.google.com\/maps\/d\/embed?mid=1IM5tsKKNdkpmX_pb88R4oRqjLQefl_k&amp;ehbc=2E312F;z=5\" width=\"100%\" height=\"650\"><\/iframe>\n        <\/div>\n        <div class=\"u-expanded-width u-shortcode u-shortcode-1\"><\/div>\n      <\/div>\n    <\/section>","protected":false},"excerpt":{"rendered":"<p>DATES D&rsquo;H\u00c9BERGEMENT,DATES LIMITES de R\u00c9SERVATIONET de PAIEMENT DATES D&rsquo;H\u00c9BERGEMENT,DATES LIMITEs de R\u00c9SERVATIONET PAIEMENT R\u00c9SERVATION ET PAIEMENT Avant le 30 septembre 2022 : r\u00e9servation avec versement d\u2019un acompte de 10% pour confirmation&nbsp; Avant le 15 d\u00e9cembre 2022 :&nbsp; 40% du montant total d\u00fb (acompte de 10% plus versement de 30%) Avant le 15 mars 2023 :&nbsp; &hellip; <a href=\"https:\/\/rowingparis-u19event.com\/en\/hebergement\/\" class=\"more-link\">Continue reading<span class=\"screen-reader-text\"> \u00ab\u00a0Hebergement\u00a0\u00bb<\/span><\/a><\/p>","protected":false},"author":1,"featured_media":0,"parent":0,"menu_order":14,"comment_status":"closed","ping_status":"closed","template":"","meta":{"footnotes":""},"class_list":["post-107","page","type-page","status-publish","hentry"],"yoast_head":"<!-- This site is optimized with the Yoast SEO plugin v27.4 - https:\/\/yoast.com\/product\/yoast-seo-wordpress\/ -->\n<title>Hebergement - WRU19<\/title>\n<meta name=\"robots\" content=\"index, follow, max-snippet:-1, max-image-preview:large, max-video-preview:-1\" \/>\n<link rel=\"canonical\" href=\"https:\/\/rowingparis-u19event.com\/en\/hebergement\/\" \/>\n<meta property=\"og:locale\" content=\"en_US\" \/>\n<meta property=\"og:type\" content=\"article\" \/>\n<meta property=\"og:title\" content=\"Hebergement - WRU19\" \/>\n<meta property=\"og:description\" content=\"DATES D&#039;H\u00c9BERGEMENT,DATES LIMITES de R\u00c9SERVATIONET de PAIEMENT DATES D&#039;H\u00c9BERGEMENT,DATES LIMITEs de R\u00c9SERVATIONET PAIEMENT R\u00c9SERVATION ET PAIEMENT Avant le 30 septembre 2022 : r\u00e9servation avec versement d\u2019un acompte de 10% pour confirmation&nbsp; Avant le 15 d\u00e9cembre 2022 :&nbsp; 40% du montant total d\u00fb (acompte de 10% plus versement de 30%) Avant le 15 mars 2023 :&nbsp; &hellip; Continue reading &quot;Hebergement&quot;\" \/>\n<meta property=\"og:url\" content=\"https:\/\/rowingparis-u19event.com\/en\/hebergement\/\" \/>\n<meta property=\"og:site_name\" content=\"WRU19\" \/>\n<meta property=\"article:modified_time\" content=\"2023-02-15T11:20:27+00:00\" \/>\n<meta name=\"twitter:card\" content=\"summary_large_image\" \/>\n<meta name=\"twitter:label1\" content=\"Est. reading time\" \/>\n\t<meta name=\"twitter:data1\" content=\"1 minute\" \/>\n<script type=\"application\/ld+json\" class=\"yoast-schema-graph\">{\"@context\":\"https:\\\/\\\/schema.org\",\"@graph\":[{\"@type\":\"WebPage\",\"@id\":\"https:\\\/\\\/rowingparis-u19event.com\\\/hebergement\\\/\",\"url\":\"https:\\\/\\\/rowingparis-u19event.com\\\/hebergement\\\/\",\"name\":\"Hebergement - WRU19\",\"isPartOf\":{\"@id\":\"https:\\\/\\\/rowingparis-u19event.com\\\/#website\"},\"datePublished\":\"2022-10-21T16:32:42+00:00\",\"dateModified\":\"2023-02-15T11:20:27+00:00\",\"breadcrumb\":{\"@id\":\"https:\\\/\\\/rowingparis-u19event.com\\\/hebergement\\\/#breadcrumb\"},\"inLanguage\":\"en-US\",\"potentialAction\":[{\"@type\":\"ReadAction\",\"target\":[\"https:\\\/\\\/rowingparis-u19event.com\\\/hebergement\\\/\"]}]},{\"@type\":\"BreadcrumbList\",\"@id\":\"https:\\\/\\\/rowingparis-u19event.com\\\/hebergement\\\/#breadcrumb\",\"itemListElement\":[{\"@type\":\"ListItem\",\"position\":1,\"name\":\"Accueil\",\"item\":\"https:\\\/\\\/rowingparis-u19event.com\\\/\"},{\"@type\":\"ListItem\",\"position\":2,\"name\":\"Hebergement\"}]},{\"@type\":\"WebSite\",\"@id\":\"https:\\\/\\\/rowingparis-u19event.com\\\/#website\",\"url\":\"https:\\\/\\\/rowingparis-u19event.com\\\/\",\"name\":\"WRU19\",\"description\":\"Champio\u200bnnats du Monde U19 Paris, du 2 au 6 ao&ucirc;t 2023\",\"publisher\":{\"@id\":\"https:\\\/\\\/rowingparis-u19event.com\\\/#organization\"},\"alternateName\":\"rowingparis-u19event.com\",\"potentialAction\":[{\"@type\":\"SearchAction\",\"target\":{\"@type\":\"EntryPoint\",\"urlTemplate\":\"https:\\\/\\\/rowingparis-u19event.com\\\/?s={search_term_string}\"},\"query-input\":{\"@type\":\"PropertyValueSpecification\",\"valueRequired\":true,\"valueName\":\"search_term_string\"}}],\"inLanguage\":\"en-US\"},{\"@type\":\"Organization\",\"@id\":\"https:\\\/\\\/rowingparis-u19event.com\\\/#organization\",\"name\":\"rowingparis-u19event.com\",\"url\":\"https:\\\/\\\/rowingparis-u19event.com\\\/\",\"logo\":{\"@type\":\"ImageObject\",\"inLanguage\":\"en-US\",\"@id\":\"https:\\\/\\\/rowingparis-u19event.com\\\/#\\\/schema\\\/logo\\\/image\\\/\",\"url\":\"https:\\\/\\\/rowingparis-u19event.com\\\/wp-content\\\/uploads\\\/2022\\\/10\\\/logo-w192-1.jpg\",\"contentUrl\":\"https:\\\/\\\/rowingparis-u19event.com\\\/wp-content\\\/uploads\\\/2022\\\/10\\\/logo-w192-1.jpg\",\"width\":256,\"height\":226,\"caption\":\"rowingparis-u19event.com\"},\"image\":{\"@id\":\"https:\\\/\\\/rowingparis-u19event.com\\\/#\\\/schema\\\/logo\\\/image\\\/\"}}]}<\/script>\n<!-- \/ Yoast SEO plugin. -->","yoast_head_json":{"title":"Hebergement - WRU19","robots":{"index":"index","follow":"follow","max-snippet":"max-snippet:-1","max-image-preview":"max-image-preview:large","max-video-preview":"max-video-preview:-1"},"canonical":"https:\/\/rowingparis-u19event.com\/en\/hebergement\/","og_locale":"en_US","og_type":"article","og_title":"Hebergement - WRU19","og_description":"DATES D'H\u00c9BERGEMENT,DATES LIMITES de R\u00c9SERVATIONET de PAIEMENT DATES D'H\u00c9BERGEMENT,DATES LIMITEs de R\u00c9SERVATIONET PAIEMENT R\u00c9SERVATION ET PAIEMENT Avant le 30 septembre 2022 : r\u00e9servation avec versement d\u2019un acompte de 10% pour confirmation&nbsp; Avant le 15 d\u00e9cembre 2022 :&nbsp; 40% du montant total d\u00fb (acompte de 10% plus versement de 30%) Avant le 15 mars 2023 :&nbsp; &hellip; Continue reading \"Hebergement\"","og_url":"https:\/\/rowingparis-u19event.com\/en\/hebergement\/","og_site_name":"WRU19","article_modified_time":"2023-02-15T11:20:27+00:00","twitter_card":"summary_large_image","twitter_misc":{"Est. reading time":"1 minute"},"schema":{"@context":"https:\/\/schema.org","@graph":[{"@type":"WebPage","@id":"https:\/\/rowingparis-u19event.com\/hebergement\/","url":"https:\/\/rowingparis-u19event.com\/hebergement\/","name":"Hebergement - WRU19","isPartOf":{"@id":"https:\/\/rowingparis-u19event.com\/#website"},"datePublished":"2022-10-21T16:32:42+00:00","dateModified":"2023-02-15T11:20:27+00:00","breadcrumb":{"@id":"https:\/\/rowingparis-u19event.com\/hebergement\/#breadcrumb"},"inLanguage":"en-US","potentialAction":[{"@type":"ReadAction","target":["https:\/\/rowingparis-u19event.com\/hebergement\/"]}]},{"@type":"BreadcrumbList","@id":"https:\/\/rowingparis-u19event.com\/hebergement\/#breadcrumb","itemListElement":[{"@type":"ListItem","position":1,"name":"Accueil","item":"https:\/\/rowingparis-u19event.com\/"},{"@type":"ListItem","position":2,"name":"Hebergement"}]},{"@type":"WebSite","@id":"https:\/\/rowingparis-u19event.com\/#website","url":"https:\/\/rowingparis-u19event.com\/","name":"WRU19","description":"Champio\u200bnnats du Monde U19 Paris, du 2 au 6 ao&ucirc;t 2023","publisher":{"@id":"https:\/\/rowingparis-u19event.com\/#organization"},"alternateName":"rowingparis-u19event.com","potentialAction":[{"@type":"SearchAction","target":{"@type":"EntryPoint","urlTemplate":"https:\/\/rowingparis-u19event.com\/?s={search_term_string}"},"query-input":{"@type":"PropertyValueSpecification","valueRequired":true,"valueName":"search_term_string"}}],"inLanguage":"en-US"},{"@type":"Organization","@id":"https:\/\/rowingparis-u19event.com\/#organization","name":"rowingparis-u19event.com","url":"https:\/\/rowingparis-u19event.com\/","logo":{"@type":"ImageObject","inLanguage":"en-US","@id":"https:\/\/rowingparis-u19event.com\/#\/schema\/logo\/image\/","url":"https:\/\/rowingparis-u19event.com\/wp-content\/uploads\/2022\/10\/logo-w192-1.jpg","contentUrl":"https:\/\/rowingparis-u19event.com\/wp-content\/uploads\/2022\/10\/logo-w192-1.jpg","width":256,"height":226,"caption":"rowingparis-u19event.com"},"image":{"@id":"https:\/\/rowingparis-u19event.com\/#\/schema\/logo\/image\/"}}]}},"_links":{"self":[{"href":"https:\/\/rowingparis-u19event.com\/en\/wp-json\/wp\/v2\/pages\/107","targetHints":{"allow":["GET"]}}],"collection":[{"href":"https:\/\/rowingparis-u19event.com\/en\/wp-json\/wp\/v2\/pages"}],"about":[{"href":"https:\/\/rowingparis-u19event.com\/en\/wp-json\/wp\/v2\/types\/page"}],"author":[{"embeddable":true,"href":"https:\/\/rowingparis-u19event.com\/en\/wp-json\/wp\/v2\/users\/1"}],"replies":[{"embeddable":true,"href":"https:\/\/rowingparis-u19event.com\/en\/wp-json\/wp\/v2\/comments?post=107"}],"version-history":[{"count":13,"href":"https:\/\/rowingparis-u19event.com\/en\/wp-json\/wp\/v2\/pages\/107\/revisions"}],"predecessor-version":[{"id":519,"href":"https:\/\/rowingparis-u19event.com\/en\/wp-json\/wp\/v2\/pages\/107\/revisions\/519"}],"wp:attachment":[{"href":"https:\/\/rowingparis-u19event.com\/en\/wp-json\/wp\/v2\/media?parent=107"}],"curies":[{"name":"wp","href":"https:\/\/api.w.org\/{rel}","templated":true}]}}