{"id":105,"date":"2022-10-21T16:32:40","date_gmt":"2022-10-21T16:32:40","guid":{"rendered":"https:\/\/rowingparis-u19event.com\/meal\/"},"modified":"2023-07-13T10:25:53","modified_gmt":"2023-07-13T10:25:53","slug":"meal","status":"publish","type":"page","link":"https:\/\/rowingparis-u19event.com\/en\/meal\/","title":{"rendered":"Meal"},"content":{"rendered":"<section class=\"u-align-center u-clearfix u-image u-shading lazyload u-section-2\" id=\"carousel_697d\" data-image-width=\"1920\" data-image-height=\"418\" data-bg=\"url('https:\/\/rowingparis-u19event.com\/wp-content\/uploads\/2022\/10\/cielgris.jpg')\">\n      <div class=\"u-clearfix u-sheet u-valign-middle u-sheet-1\">\n        <h1 class=\"u-align-left u-custom-font u-font-roboto u-text u-text-body-alt-color u-text-default u-text-1\"> CATERING<br>SECURITY \/ GUARDS<br>PARKING \n        <\/h1>\n      <\/div>\n    <\/section>\n    <section class=\"u-align-center u-clearfix u-palette-5-light-2 u-section-3\" id=\"carousel_bd33\">\n      <div class=\"u-clearfix u-sheet u-sheet-1\">\n        <div class=\"u-palette-1-dark-1 u-shape u-shape-rectangle u-shape-1\" data-animation-name=\"customAnimationIn\" data-animation-duration=\"1500\" data-animation-delay=\"500\"><\/div>\n        <div class=\"u-palette-1-base u-shape u-shape-rectangle u-shape-2\" data-animation-name=\"customAnimationIn\" data-animation-duration=\"1500\" data-animation-delay=\"750\"><\/div>\n        <div class=\"u-clearfix u-expanded-width-xs u-layout-wrap u-layout-wrap-1\">\n          <div class=\"u-layout\" style=\"\">\n            <div class=\"u-layout-row\" style=\"\">\n              <div class=\"u-container-style u-image u-layout-cell u-left-cell u-size-30 lazyload u-image-1\" data-image-width=\"1920\" data-image-height=\"1281\" data-animation-name=\"customAnimationIn\" data-animation-duration=\"1500\" data-animation-delay=\"250\" data-bg=\"url(&quot;https:\/\/rowingparis-u19event.com\/wp-content\/uploads\/2023\/07\/Photo-5-1.jpg&quot;)\">\n                <div class=\"u-container-layout u-valign-bottom u-container-layout-1\"><\/div>\n              <\/div>\n              <div class=\"u-align-left u-container-style u-layout-cell u-right-cell u-size-30 u-white u-layout-cell-2\" data-animation-name=\"customAnimationIn\" data-animation-duration=\"1500\" data-animation-delay=\"250\">\n                <div class=\"u-container-layout u-container-layout-2\">\n                  <h3 class=\"u-align-left u-text u-text-palette-4-base u-text-1\" data-animation-name=\"customAnimationIn\" data-animation-duration=\"1000\"> MEALS<\/h3>\n                  <p class=\"u-align-left u-text u-text-2\" data-animation-name=\"customAnimationIn\" data-animation-duration=\"1000\"> Teams that have booked accommodation via the OC will be full board.<u><\/u><u><\/u>\n                    <br>Breakfasts and dinners will be served at the hotel.<br>Lunches will be served at the venue only.<u><\/u><u><\/u>\n                    <br>\n                    <br><i>\n                      <span style=\"font-size: 1rem;\">Bulletin No. 1 and the OC website offered teams the option of lunches at the venue or at the hotel.<br>\n                      <\/span><\/i>\n                    <span style=\"font-size: 1rem;\"><i>Due to budget and operational challenges with the hotels and other complexities of this event, <\/i><i>the Organising Committee are only able to offer teams lunch at the venue.<\/i>\n                    <\/span>\n                    <br>\n                    <span style=\"font-size: 1rem;\"><i style=\"\">This has been agreed with World Rowing on an exceptional basis for the WRU19CH in Paris.<\/i>\n                    <\/span>\n                    <br>\n                    <span style=\"font-size: 1rem;\"><i>The OC will offer an extended time slot for lunch at the venue from 11:00 a.m. to 3:00 p.m.<br><\/i><i>The Organising Committee apologise for any disruption this causes to the teams planning, <\/i><i>and would like to assure the teams that the lunch at the venue will be provided to the highest standards.<\/i>\n                    <\/span>\n                    <br>\n                    <span style=\"font-size: 1rem;\"><i><\/i><i>eams will be asked to confirm the number of lunches required at the venue each day at the Team Information Centre.<\/i>\n                    <\/span>\n                  <\/p>\n                <\/div>\n              <\/div>\n            <\/div>\n          <\/div>\n        <\/div>\n      <\/div>\n    <\/section>\n    <section class=\"u-align-center u-clearfix u-palette-5-light-2 u-section-4\" id=\"carousel_4b43\">\n      <div class=\"u-clearfix u-sheet u-valign-middle u-sheet-1\">\n        <div class=\"u-clearfix u-layout-wrap u-layout-wrap-1\">\n          <div class=\"u-layout\">\n            <div class=\"u-layout-row\">\n              <div class=\"u-align-left u-container-style u-layout-cell u-right-cell u-size-30 u-white u-layout-cell-1\">\n                <div class=\"u-container-layout u-valign-top u-container-layout-1\">\n                  <h3 class=\"u-align-left u-text u-text-palette-4-base u-text-1\" data-animation-name=\"customAnimationIn\" data-animation-duration=\"1000\">\n                    <font>\n                      <font>\n                        <font>SECURITY \/ GUARDS<\/font>\n                      <\/font>\n                    <\/font>\n                  <\/h3>\n                  <p class=\"u-align-left u-text u-text-2\" data-animation-name=\"customAnimationIn\" data-animation-duration=\"1000\">\n                    <font>\n                      <font><\/font>\n                    <\/font>\n                    <font>\n                      <font>\n                        <font>Security and guarding<\/font>\n                        <font>will be ensured at all times.<\/font>\n                      <\/font>\n                    <\/font>\n                    <br>\n                    <font>\n                      <font><\/font>\n                    <\/font>\n                  <\/p>\n                <\/div>\n              <\/div>\n              <div class=\"u-container-style u-image u-layout-cell u-left-cell u-size-30 lazyload u-image-1\" data-image-width=\"800\" data-image-height=\"533\" data-bg=\"url(&quot;https:\/\/rowingparis-u19event.com\/wp-content\/uploads\/2023\/07\/sliderBasSecurite2-1-1.jpg&quot;)\">\n                <div class=\"u-container-layout u-valign-bottom u-container-layout-2\"><\/div>\n              <\/div>\n            <\/div>\n          <\/div>\n        <\/div>\n      <\/div>\n    <\/section>\n    <section class=\"u-align-center u-clearfix u-palette-5-light-2 u-section-5\" id=\"carousel_86e0\">\n      <div class=\"u-clearfix u-sheet u-sheet-1\">\n        <div class=\"u-align-center-lg u-align-center-md u-align-center-sm u-align-center-xs u-clearfix u-layout-wrap u-layout-wrap-1\">\n          <div class=\"u-layout\">\n            <div class=\"u-layout-row\">\n              <div class=\"u-container-style u-image u-layout-cell u-left-cell u-size-30 lazyload u-image-1\" data-image-width=\"1280\" data-image-height=\"960\" data-bg=\"url(&quot;https:\/\/rowingparis-u19event.com\/wp-content\/uploads\/2023\/07\/cars-gdaa05c6bd_1280.jpg&quot;)\">\n                <div class=\"u-container-layout u-valign-bottom u-container-layout-1\"><\/div>\n              <\/div>\n              <div class=\"u-align-left u-container-style u-layout-cell u-right-cell u-size-30 u-white u-layout-cell-2\">\n                <div class=\"u-container-layout u-valign-top u-container-layout-2\">\n                  <h3 class=\"u-align-left u-text u-text-palette-4-base u-text-1\" data-animation-name=\"customAnimationIn\" data-animation-duration=\"1000\">\n                    <span style=\"font-size: 1.875rem;\">\n                      <font>\n                        <font>\n                          <font><\/font>\n                        <\/font>\n                      <\/font>\n                    <\/span>\n                    <font>\n                      <font>\n                        <font>PARKING<\/font>\n                      <\/font>\n                    <\/font>\n                  <\/h3>\n                  <p class=\"u-align-left u-text u-text-2\" data-animation-name=\"customAnimationIn\" data-animation-duration=\"1000\"> There will be designated parking for team cars, vans, and trailers at the venue.<font>\n                      <font><\/font>\n                    <\/font>\n                  <\/p>\n                <\/div>\n              <\/div>\n            <\/div>\n          <\/div>\n        <\/div>\n      <\/div>\n    <\/section>","protected":false},"excerpt":{"rendered":"<p>RESTAURATIONS\u00c9CURIT\u00c9 \/ GARDIENNAGEPARKING REPAS Les \u00e9quipes ayant r\u00e9serv\u00e9 un h\u00e9bergement via le CO seront en pension compl\u00e8te. Les petits d\u00e9jeuners et les d\u00eeners seront servis \u00e0 l&rsquo;h\u00f4tel.Les d\u00e9jeuners seront servis uniquement sur le site des championnats. Le bulletin n\u00b0 1 et le site Internet du CO offraient aux \u00e9quipes la possibilit\u00e9 de d\u00e9jeuner sur place &hellip; <a href=\"https:\/\/rowingparis-u19event.com\/en\/meal\/\" class=\"more-link\">Continue reading<span class=\"screen-reader-text\"> \u00ab\u00a0Meal\u00a0\u00bb<\/span><\/a><\/p>","protected":false},"author":1,"featured_media":0,"parent":0,"menu_order":12,"comment_status":"closed","ping_status":"closed","template":"","meta":{"footnotes":""},"class_list":["post-105","page","type-page","status-publish","hentry"],"yoast_head":"<!-- This site is optimized with the Yoast SEO plugin v27.4 - https:\/\/yoast.com\/product\/yoast-seo-wordpress\/ -->\n<title>Meal - WRU19<\/title>\n<meta name=\"robots\" content=\"index, follow, max-snippet:-1, max-image-preview:large, max-video-preview:-1\" \/>\n<link rel=\"canonical\" href=\"https:\/\/rowingparis-u19event.com\/en\/meal\/\" \/>\n<meta property=\"og:locale\" content=\"en_US\" \/>\n<meta property=\"og:type\" content=\"article\" \/>\n<meta property=\"og:title\" content=\"Meal - WRU19\" \/>\n<meta property=\"og:description\" content=\"RESTAURATIONS\u00c9CURIT\u00c9 \/ GARDIENNAGEPARKING REPAS Les \u00e9quipes ayant r\u00e9serv\u00e9 un h\u00e9bergement via le CO seront en pension compl\u00e8te. Les petits d\u00e9jeuners et les d\u00eeners seront servis \u00e0 l&#039;h\u00f4tel.Les d\u00e9jeuners seront servis uniquement sur le site des championnats. Le bulletin n\u00b0 1 et le site Internet du CO offraient aux \u00e9quipes la possibilit\u00e9 de d\u00e9jeuner sur place &hellip; Continue reading &quot;Meal&quot;\" \/>\n<meta property=\"og:url\" content=\"https:\/\/rowingparis-u19event.com\/en\/meal\/\" \/>\n<meta property=\"og:site_name\" content=\"WRU19\" \/>\n<meta property=\"article:modified_time\" content=\"2023-07-13T10:25:53+00:00\" \/>\n<meta name=\"twitter:card\" content=\"summary_large_image\" \/>\n<meta name=\"twitter:label1\" content=\"Est. reading time\" \/>\n\t<meta name=\"twitter:data1\" content=\"1 minute\" \/>\n<script type=\"application\/ld+json\" class=\"yoast-schema-graph\">{\"@context\":\"https:\\\/\\\/schema.org\",\"@graph\":[{\"@type\":\"WebPage\",\"@id\":\"https:\\\/\\\/rowingparis-u19event.com\\\/meal\\\/\",\"url\":\"https:\\\/\\\/rowingparis-u19event.com\\\/meal\\\/\",\"name\":\"Meal - WRU19\",\"isPartOf\":{\"@id\":\"https:\\\/\\\/rowingparis-u19event.com\\\/#website\"},\"datePublished\":\"2022-10-21T16:32:40+00:00\",\"dateModified\":\"2023-07-13T10:25:53+00:00\",\"breadcrumb\":{\"@id\":\"https:\\\/\\\/rowingparis-u19event.com\\\/meal\\\/#breadcrumb\"},\"inLanguage\":\"en-US\",\"potentialAction\":[{\"@type\":\"ReadAction\",\"target\":[\"https:\\\/\\\/rowingparis-u19event.com\\\/meal\\\/\"]}]},{\"@type\":\"BreadcrumbList\",\"@id\":\"https:\\\/\\\/rowingparis-u19event.com\\\/meal\\\/#breadcrumb\",\"itemListElement\":[{\"@type\":\"ListItem\",\"position\":1,\"name\":\"Accueil\",\"item\":\"https:\\\/\\\/rowingparis-u19event.com\\\/\"},{\"@type\":\"ListItem\",\"position\":2,\"name\":\"Meal\"}]},{\"@type\":\"WebSite\",\"@id\":\"https:\\\/\\\/rowingparis-u19event.com\\\/#website\",\"url\":\"https:\\\/\\\/rowingparis-u19event.com\\\/\",\"name\":\"WRU19\",\"description\":\"Champio\u200bnnats du Monde U19 Paris, du 2 au 6 ao&ucirc;t 2023\",\"publisher\":{\"@id\":\"https:\\\/\\\/rowingparis-u19event.com\\\/#organization\"},\"alternateName\":\"rowingparis-u19event.com\",\"potentialAction\":[{\"@type\":\"SearchAction\",\"target\":{\"@type\":\"EntryPoint\",\"urlTemplate\":\"https:\\\/\\\/rowingparis-u19event.com\\\/?s={search_term_string}\"},\"query-input\":{\"@type\":\"PropertyValueSpecification\",\"valueRequired\":true,\"valueName\":\"search_term_string\"}}],\"inLanguage\":\"en-US\"},{\"@type\":\"Organization\",\"@id\":\"https:\\\/\\\/rowingparis-u19event.com\\\/#organization\",\"name\":\"rowingparis-u19event.com\",\"url\":\"https:\\\/\\\/rowingparis-u19event.com\\\/\",\"logo\":{\"@type\":\"ImageObject\",\"inLanguage\":\"en-US\",\"@id\":\"https:\\\/\\\/rowingparis-u19event.com\\\/#\\\/schema\\\/logo\\\/image\\\/\",\"url\":\"https:\\\/\\\/rowingparis-u19event.com\\\/wp-content\\\/uploads\\\/2022\\\/10\\\/logo-w192-1.jpg\",\"contentUrl\":\"https:\\\/\\\/rowingparis-u19event.com\\\/wp-content\\\/uploads\\\/2022\\\/10\\\/logo-w192-1.jpg\",\"width\":256,\"height\":226,\"caption\":\"rowingparis-u19event.com\"},\"image\":{\"@id\":\"https:\\\/\\\/rowingparis-u19event.com\\\/#\\\/schema\\\/logo\\\/image\\\/\"}}]}<\/script>\n<!-- \/ Yoast SEO plugin. -->","yoast_head_json":{"title":"Meal - WRU19","robots":{"index":"index","follow":"follow","max-snippet":"max-snippet:-1","max-image-preview":"max-image-preview:large","max-video-preview":"max-video-preview:-1"},"canonical":"https:\/\/rowingparis-u19event.com\/en\/meal\/","og_locale":"en_US","og_type":"article","og_title":"Meal - WRU19","og_description":"RESTAURATIONS\u00c9CURIT\u00c9 \/ GARDIENNAGEPARKING REPAS Les \u00e9quipes ayant r\u00e9serv\u00e9 un h\u00e9bergement via le CO seront en pension compl\u00e8te. Les petits d\u00e9jeuners et les d\u00eeners seront servis \u00e0 l'h\u00f4tel.Les d\u00e9jeuners seront servis uniquement sur le site des championnats. Le bulletin n\u00b0 1 et le site Internet du CO offraient aux \u00e9quipes la possibilit\u00e9 de d\u00e9jeuner sur place &hellip; Continue reading \"Meal\"","og_url":"https:\/\/rowingparis-u19event.com\/en\/meal\/","og_site_name":"WRU19","article_modified_time":"2023-07-13T10:25:53+00:00","twitter_card":"summary_large_image","twitter_misc":{"Est. reading time":"1 minute"},"schema":{"@context":"https:\/\/schema.org","@graph":[{"@type":"WebPage","@id":"https:\/\/rowingparis-u19event.com\/meal\/","url":"https:\/\/rowingparis-u19event.com\/meal\/","name":"Meal - WRU19","isPartOf":{"@id":"https:\/\/rowingparis-u19event.com\/#website"},"datePublished":"2022-10-21T16:32:40+00:00","dateModified":"2023-07-13T10:25:53+00:00","breadcrumb":{"@id":"https:\/\/rowingparis-u19event.com\/meal\/#breadcrumb"},"inLanguage":"en-US","potentialAction":[{"@type":"ReadAction","target":["https:\/\/rowingparis-u19event.com\/meal\/"]}]},{"@type":"BreadcrumbList","@id":"https:\/\/rowingparis-u19event.com\/meal\/#breadcrumb","itemListElement":[{"@type":"ListItem","position":1,"name":"Accueil","item":"https:\/\/rowingparis-u19event.com\/"},{"@type":"ListItem","position":2,"name":"Meal"}]},{"@type":"WebSite","@id":"https:\/\/rowingparis-u19event.com\/#website","url":"https:\/\/rowingparis-u19event.com\/","name":"WRU19","description":"Champio\u200bnnats du Monde U19 Paris, du 2 au 6 ao&ucirc;t 2023","publisher":{"@id":"https:\/\/rowingparis-u19event.com\/#organization"},"alternateName":"rowingparis-u19event.com","potentialAction":[{"@type":"SearchAction","target":{"@type":"EntryPoint","urlTemplate":"https:\/\/rowingparis-u19event.com\/?s={search_term_string}"},"query-input":{"@type":"PropertyValueSpecification","valueRequired":true,"valueName":"search_term_string"}}],"inLanguage":"en-US"},{"@type":"Organization","@id":"https:\/\/rowingparis-u19event.com\/#organization","name":"rowingparis-u19event.com","url":"https:\/\/rowingparis-u19event.com\/","logo":{"@type":"ImageObject","inLanguage":"en-US","@id":"https:\/\/rowingparis-u19event.com\/#\/schema\/logo\/image\/","url":"https:\/\/rowingparis-u19event.com\/wp-content\/uploads\/2022\/10\/logo-w192-1.jpg","contentUrl":"https:\/\/rowingparis-u19event.com\/wp-content\/uploads\/2022\/10\/logo-w192-1.jpg","width":256,"height":226,"caption":"rowingparis-u19event.com"},"image":{"@id":"https:\/\/rowingparis-u19event.com\/#\/schema\/logo\/image\/"}}]}},"_links":{"self":[{"href":"https:\/\/rowingparis-u19event.com\/en\/wp-json\/wp\/v2\/pages\/105","targetHints":{"allow":["GET"]}}],"collection":[{"href":"https:\/\/rowingparis-u19event.com\/en\/wp-json\/wp\/v2\/pages"}],"about":[{"href":"https:\/\/rowingparis-u19event.com\/en\/wp-json\/wp\/v2\/types\/page"}],"author":[{"embeddable":true,"href":"https:\/\/rowingparis-u19event.com\/en\/wp-json\/wp\/v2\/users\/1"}],"replies":[{"embeddable":true,"href":"https:\/\/rowingparis-u19event.com\/en\/wp-json\/wp\/v2\/comments?post=105"}],"version-history":[{"count":28,"href":"https:\/\/rowingparis-u19event.com\/en\/wp-json\/wp\/v2\/pages\/105\/revisions"}],"predecessor-version":[{"id":907,"href":"https:\/\/rowingparis-u19event.com\/en\/wp-json\/wp\/v2\/pages\/105\/revisions\/907"}],"wp:attachment":[{"href":"https:\/\/rowingparis-u19event.com\/en\/wp-json\/wp\/v2\/media?parent=105"}],"curies":[{"name":"wp","href":"https:\/\/api.w.org\/{rel}","templated":true}]}}